{"id":19338,"date":"2025-01-18T16:43:59","date_gmt":"2025-01-18T16:43:59","guid":{"rendered":"https:\/\/blune.ch\/product\/t-shirt-bobo-choses-multicolore-con-stampa-all-over\/"},"modified":"2025-01-18T16:43:59","modified_gmt":"2025-01-18T14:43:59","slug":"t-shirt-bobo-choses-multicolore-con-stampa-all-over","status":"publish","type":"product","link":"https:\/\/blune.ch\/it\/prodotto\/t-shirt-bobo-choses-multicolore-con-stampa-all-over\/","title":{"rendered":"T-shirt Bobo Choses multicolore con stampa all-over"},"content":{"rendered":"","protected":false},"excerpt":{"rendered":"<p>In questa capsule collection, dove l&#8217;immaginazione incontra il design, questa t-shirt bianca \u00e8 una tela bianca per giocare con sovrapposizioni e avventure creative. Realizzata in 100% cotone biologico, \u00e8 leggera, traspirante e morbida sulla pelle. Con maniche corte, spalle scese e vestibilit\u00e0 rilassata, il girocollo aggiunge versatilit\u00e0 allo stile quotidiano. Prodotta in Spagna con attenzione al mondo, alle persone e al futuro.   <\/p>\n","protected":false},"featured_media":0,"comment_status":"closed","ping_status":"closed","template":"","meta":{"_acf_changed":false,"slim_seo":{"title":"T-shirt Bobo Choses multicolore con stampa all-over - Blune","description":"In questa capsule collection, dove l'immaginazione incontra il design, questa t-shirt bianca \u00e8 una tela bianca per giocare con sovrapposizioni e avventure creat"}},"brand-prodotto":[561],"sesso":[535],"stagione":[],"product_brand":[],"product_cat":[],"product_tag":[],"class_list":{"0":"post-19338","1":"product","2":"type-product","3":"status-publish","5":"brand-prodotto-bobo-choses","6":"sesso-unisex","8":"first","9":"outofstock","10":"sale","11":"taxable","12":"shipping-taxable","13":"product-type-variable"},"acf":[],"jetpack_sharing_enabled":true,"_links":{"self":[{"href":"https:\/\/blune.ch\/it\/wp-json\/wp\/v2\/product\/19338","targetHints":{"allow":["GET"]}}],"collection":[{"href":"https:\/\/blune.ch\/it\/wp-json\/wp\/v2\/product"}],"about":[{"href":"https:\/\/blune.ch\/it\/wp-json\/wp\/v2\/types\/product"}],"replies":[{"embeddable":true,"href":"https:\/\/blune.ch\/it\/wp-json\/wp\/v2\/comments?post=19338"}],"wp:attachment":[{"href":"https:\/\/blune.ch\/it\/wp-json\/wp\/v2\/media?parent=19338"}],"wp:term":[{"taxonomy":"brand-prodotto","embeddable":true,"href":"https:\/\/blune.ch\/it\/wp-json\/wp\/v2\/brand-prodotto?post=19338"},{"taxonomy":"sesso","embeddable":true,"href":"https:\/\/blune.ch\/it\/wp-json\/wp\/v2\/sesso?post=19338"},{"taxonomy":"stagione","embeddable":true,"href":"https:\/\/blune.ch\/it\/wp-json\/wp\/v2\/stagione?post=19338"},{"taxonomy":"product_brand","embeddable":true,"href":"https:\/\/blune.ch\/it\/wp-json\/wp\/v2\/product_brand?post=19338"},{"taxonomy":"product_cat","embeddable":true,"href":"https:\/\/blune.ch\/it\/wp-json\/wp\/v2\/product_cat?post=19338"},{"taxonomy":"product_tag","embeddable":true,"href":"https:\/\/blune.ch\/it\/wp-json\/wp\/v2\/product_tag?post=19338"}],"curies":[{"name":"wp","href":"https:\/\/api.w.org\/{rel}","templated":true}]}}