{"id":14877,"date":"2025-09-03T14:46:58","date_gmt":"2025-09-03T12:46:58","guid":{"rendered":"https:\/\/blune.ch\/?post_type=product&#038;p=14877"},"modified":"2026-02-27T13:52:26","modified_gmt":"2026-02-27T11:52:26","slug":"play-up-jumpsuit-with-crossover-opening","status":"publish","type":"product","link":"https:\/\/blune.ch\/it\/prodotto\/play-up-jumpsuit-with-crossover-opening\/","title":{"rendered":"Play Up Jumpsuit with crossover opening"},"content":{"rendered":"","protected":false},"excerpt":{"rendered":"<p>This jumpsuit is made of jersey with a blend of regenerative cotton and recycled cotton, in Light Blue color. It features brushed interior, long sleeves and enclosed feet. It has a crossover opening with an outer tie and inner snap button, and an opening between the legs with nickel-free metal snaps.<\/p>\n","protected":false},"featured_media":14879,"comment_status":"closed","ping_status":"closed","template":"","meta":{"_acf_changed":false,"slim_seo":{"title":"Play Up Jumpsuit with crossover opening","description":"Eco-friendly PLAY UP Light Blue jumpsuit with crossover opening, nickel-free snaps & closed feet. Soft jersey cotton blend. Available in Switzerland Nachhaltiger PLAY UP Overall Hellblau mit weichem Innenfutter, langen \u00c4rmeln, F\u00fc\u00dfchen & \u00dcberkreuz-Bindung. Erh\u00e4ltlich in der Schweiz."}},"brand-prodotto":[],"sesso":[535],"stagione":[],"product_brand":[548],"product_cat":[515,516,522,531,480],"product_tag":[1398,1395,1394,1393,1397,1396,610,1323,1399,1312,611,1314,1385],"class_list":{"0":"post-14877","1":"product","2":"type-product","3":"status-publish","4":"has-post-thumbnail","6":"sesso-unisex","7":"product_brand-play-up","8":"product_cat-baby-clothes","9":"product_cat-bodysuits-coordinated-pyjamas","10":"product_cat-newborns","11":"product_cat-onepiece","12":"product_cat-small-children-0-3-years","13":"product_tag-baby-bio-baumwolle-strampler","14":"product_tag-fuschen-uberkreuz-bindung-erhaltlich-in-der-schweiz","15":"product_tag-langen-armeln","16":"product_tag-nachhaltiger-play-up-overall-hellblau-mit-weichem-innenfutter","17":"product_tag-newborn-bio-baumwolle","18":"product_tag-newborn-bio-baumwolle-strampler","19":"product_tag-play-up","20":"product_tag-play-up-bio-baumwolle","21":"product_tag-play-up-rabatt4e","22":"product_tag-play-up-sale","23":"product_tag-play-up-schweiz-kaufen","24":"product_tag-play-up-switzerland-buy","25":"product_tag-play-up-winter-rabatte","27":"first","28":"instock","29":"sale","30":"taxable","31":"shipping-taxable","32":"purchasable","33":"product-type-variable"},"acf":[],"jetpack_sharing_enabled":true,"_links":{"self":[{"href":"https:\/\/blune.ch\/it\/wp-json\/wp\/v2\/product\/14877","targetHints":{"allow":["GET"]}}],"collection":[{"href":"https:\/\/blune.ch\/it\/wp-json\/wp\/v2\/product"}],"about":[{"href":"https:\/\/blune.ch\/it\/wp-json\/wp\/v2\/types\/product"}],"replies":[{"embeddable":true,"href":"https:\/\/blune.ch\/it\/wp-json\/wp\/v2\/comments?post=14877"}],"wp:featuredmedia":[{"embeddable":true,"href":"https:\/\/blune.ch\/it\/wp-json\/wp\/v2\/media\/14879"}],"wp:attachment":[{"href":"https:\/\/blune.ch\/it\/wp-json\/wp\/v2\/media?parent=14877"}],"wp:term":[{"taxonomy":"brand-prodotto","embeddable":true,"href":"https:\/\/blune.ch\/it\/wp-json\/wp\/v2\/brand-prodotto?post=14877"},{"taxonomy":"sesso","embeddable":true,"href":"https:\/\/blune.ch\/it\/wp-json\/wp\/v2\/sesso?post=14877"},{"taxonomy":"stagione","embeddable":true,"href":"https:\/\/blune.ch\/it\/wp-json\/wp\/v2\/stagione?post=14877"},{"taxonomy":"product_brand","embeddable":true,"href":"https:\/\/blune.ch\/it\/wp-json\/wp\/v2\/product_brand?post=14877"},{"taxonomy":"product_cat","embeddable":true,"href":"https:\/\/blune.ch\/it\/wp-json\/wp\/v2\/product_cat?post=14877"},{"taxonomy":"product_tag","embeddable":true,"href":"https:\/\/blune.ch\/it\/wp-json\/wp\/v2\/product_tag?post=14877"}],"curies":[{"name":"wp","href":"https:\/\/api.w.org\/{rel}","templated":true}]}}