{"id":14865,"date":"2025-09-03T14:50:00","date_gmt":"2025-09-03T12:50:00","guid":{"rendered":"https:\/\/blune.ch\/?post_type=product&#038;p=14865"},"modified":"2026-01-16T14:08:07","modified_gmt":"2026-01-16T12:08:07","slug":"play-up-knitted-sweater-with-tree-print","status":"publish","type":"product","link":"https:\/\/blune.ch\/it\/prodotto\/play-up-knitted-sweater-with-tree-print\/","title":{"rendered":"Play Up Knitted sweater with tree print"},"content":{"rendered":"","protected":false},"excerpt":{"rendered":"<p>This sweater is made of knit fabric with a blend of regenerative cotton and recycled cotton, in Off White color. It features long sleeves, a round neckline, a back opening with coconut buttons, and with tree print.<\/p>\n","protected":false},"featured_media":14866,"comment_status":"closed","ping_status":"closed","template":"","meta":{"_acf_changed":false,"slim_seo":{"title":"Play Up Knitted sweater with tree print","description":"Eco-friendly PLAY UP sweater in Off White with blueberry print. Cotton blend knit with long sleeves & coconut button back opening. Available in Switzerland. Nachhaltiger PLAY UP Pullover in Off White mit Heidelbeer-Print. Baumwollstrick, lange \u00c4rmel & Kokosknopf-Verschluss am R\u00fccken. Erh\u00e4ltlich in der Schweiz"}},"brand-prodotto":[],"sesso":[533,535],"stagione":[],"product_brand":[548],"product_cat":[515,516,522,480,527,517],"product_tag":[1388,1378,1389,610,1323,1315,611,1314],"class_list":{"0":"post-14865","1":"product","2":"type-product","3":"status-publish","4":"has-post-thumbnail","6":"sesso-boy","7":"sesso-unisex","8":"product_brand-play-up","9":"product_cat-baby-clothes","10":"product_cat-bodysuits-coordinated-pyjamas","11":"product_cat-newborns","12":"product_cat-small-children-0-3-years","13":"product_cat-t-shirts-jerseys-shirts","14":"product_cat-toddler-set","15":"product_tag-lange-armel-kokosknopf-verschluss-am-rucken-erhaltlich-in-der-schweiz","16":"product_tag-nachhaltiger-play-up-pullover-in-off-white-mit-heidelbeer-print-baumwollstrick","17":"product_tag-newborn-warmes-bio-baumwolle-pullover","18":"product_tag-play-up","19":"product_tag-play-up-bio-baumwolle","20":"product_tag-play-up-organic-cotton","21":"product_tag-play-up-schweiz-kaufen","22":"product_tag-play-up-switzerland-buy","24":"first","25":"instock","26":"sale","27":"taxable","28":"shipping-taxable","29":"purchasable","30":"product-type-variable"},"acf":[],"jetpack_sharing_enabled":true,"_links":{"self":[{"href":"https:\/\/blune.ch\/it\/wp-json\/wp\/v2\/product\/14865","targetHints":{"allow":["GET"]}}],"collection":[{"href":"https:\/\/blune.ch\/it\/wp-json\/wp\/v2\/product"}],"about":[{"href":"https:\/\/blune.ch\/it\/wp-json\/wp\/v2\/types\/product"}],"replies":[{"embeddable":true,"href":"https:\/\/blune.ch\/it\/wp-json\/wp\/v2\/comments?post=14865"}],"wp:featuredmedia":[{"embeddable":true,"href":"https:\/\/blune.ch\/it\/wp-json\/wp\/v2\/media\/14866"}],"wp:attachment":[{"href":"https:\/\/blune.ch\/it\/wp-json\/wp\/v2\/media?parent=14865"}],"wp:term":[{"taxonomy":"brand-prodotto","embeddable":true,"href":"https:\/\/blune.ch\/it\/wp-json\/wp\/v2\/brand-prodotto?post=14865"},{"taxonomy":"sesso","embeddable":true,"href":"https:\/\/blune.ch\/it\/wp-json\/wp\/v2\/sesso?post=14865"},{"taxonomy":"stagione","embeddable":true,"href":"https:\/\/blune.ch\/it\/wp-json\/wp\/v2\/stagione?post=14865"},{"taxonomy":"product_brand","embeddable":true,"href":"https:\/\/blune.ch\/it\/wp-json\/wp\/v2\/product_brand?post=14865"},{"taxonomy":"product_cat","embeddable":true,"href":"https:\/\/blune.ch\/it\/wp-json\/wp\/v2\/product_cat?post=14865"},{"taxonomy":"product_tag","embeddable":true,"href":"https:\/\/blune.ch\/it\/wp-json\/wp\/v2\/product_tag?post=14865"}],"curies":[{"name":"wp","href":"https:\/\/api.w.org\/{rel}","templated":true}]}}