{"id":14839,"date":"2025-09-03T14:48:35","date_gmt":"2025-09-03T12:48:35","guid":{"rendered":"https:\/\/blune.ch\/?post_type=product&#038;p=14839"},"modified":"2026-01-16T16:10:15","modified_gmt":"2026-01-16T14:10:15","slug":"play-up-corduroy-dress-with-coconut-buttons","status":"publish","type":"product","link":"https:\/\/blune.ch\/it\/prodotto\/play-up-corduroy-dress-with-coconut-buttons\/","title":{"rendered":"Play Up Corduroy dress with coconut buttons"},"content":{"rendered":"","protected":false},"excerpt":{"rendered":"<p>Corduroy dress \u00a0made of cotton and recycled cotton, in Light Green color. It is a strappy model with a front opening adjustable with coconut buttons and gathered detail on the chest.<\/p>\n","protected":false},"featured_media":14842,"comment_status":"closed","ping_status":"closed","template":"","meta":{"_acf_changed":false,"slim_seo":{"title":"Play Up Corduroy dress with coconut buttons","description":"Eco-friendly PLAY UP corduroy dress in Light Green. Strappy style with coconut buttons & gathered chest detail. Available in Switzerland. Nachhaltiges PLAY UP Cordkleid Hellgr\u00fcn im Baumwollmix. Tr\u00e4ger-Modell mit Kokoskn\u00f6pfen & Brust-Raffung. Erh\u00e4ltlich in der Schweiz"}},"brand-prodotto":[],"sesso":[534],"stagione":[],"product_brand":[548],"product_cat":[387,407,470,478],"product_tag":[1377,1375,1372,610,1323,1374,1313,1312,1373,1314,1365,1376],"class_list":{"0":"post-14839","1":"product","2":"type-product","3":"status-publish","4":"has-post-thumbnail","6":"sesso-girl","7":"product_brand-play-up","8":"product_cat-big-kids-4-12-years-old","9":"product_cat-girls-clothing","10":"product_cat-sale","11":"product_cat-skirts-dresses","12":"product_tag-cord-kleid-fur-kinder","13":"product_tag-kinder-cord-kleid-bio-baumwolle","14":"product_tag-nachhaltiges-play-up-cordkleid-hellgrun-im-baumwollmix-trager-modell-mit-kokosknopfen-brust-raffung-erhaltlich-in-der-schweiz","15":"product_tag-play-up","16":"product_tag-play-up-bio-baumwolle","17":"product_tag-play-up-cord-kleid-bio-baumwolle","18":"product_tag-play-up-rabatte","19":"product_tag-play-up-sale","20":"product_tag-play-up-schweiz-kauen","21":"product_tag-play-up-switzerland-buy","22":"product_tag-play-up-winter-sale","23":"product_tag-winter-bio-cord-kleid","25":"first","26":"instock","27":"sale","28":"taxable","29":"shipping-taxable","30":"purchasable","31":"product-type-variable"},"acf":[],"jetpack_sharing_enabled":true,"_links":{"self":[{"href":"https:\/\/blune.ch\/it\/wp-json\/wp\/v2\/product\/14839","targetHints":{"allow":["GET"]}}],"collection":[{"href":"https:\/\/blune.ch\/it\/wp-json\/wp\/v2\/product"}],"about":[{"href":"https:\/\/blune.ch\/it\/wp-json\/wp\/v2\/types\/product"}],"replies":[{"embeddable":true,"href":"https:\/\/blune.ch\/it\/wp-json\/wp\/v2\/comments?post=14839"}],"wp:featuredmedia":[{"embeddable":true,"href":"https:\/\/blune.ch\/it\/wp-json\/wp\/v2\/media\/14842"}],"wp:attachment":[{"href":"https:\/\/blune.ch\/it\/wp-json\/wp\/v2\/media?parent=14839"}],"wp:term":[{"taxonomy":"brand-prodotto","embeddable":true,"href":"https:\/\/blune.ch\/it\/wp-json\/wp\/v2\/brand-prodotto?post=14839"},{"taxonomy":"sesso","embeddable":true,"href":"https:\/\/blune.ch\/it\/wp-json\/wp\/v2\/sesso?post=14839"},{"taxonomy":"stagione","embeddable":true,"href":"https:\/\/blune.ch\/it\/wp-json\/wp\/v2\/stagione?post=14839"},{"taxonomy":"product_brand","embeddable":true,"href":"https:\/\/blune.ch\/it\/wp-json\/wp\/v2\/product_brand?post=14839"},{"taxonomy":"product_cat","embeddable":true,"href":"https:\/\/blune.ch\/it\/wp-json\/wp\/v2\/product_cat?post=14839"},{"taxonomy":"product_tag","embeddable":true,"href":"https:\/\/blune.ch\/it\/wp-json\/wp\/v2\/product_tag?post=14839"}],"curies":[{"name":"wp","href":"https:\/\/api.w.org\/{rel}","templated":true}]}}