{"id":14830,"date":"2025-09-03T14:49:02","date_gmt":"2025-09-03T12:49:02","guid":{"rendered":"https:\/\/blune.ch\/?post_type=product&#038;p=14830"},"modified":"2026-04-03T11:01:00","modified_gmt":"2026-04-03T09:01:00","slug":"play-up-jersey-trousers-watercolor","status":"publish","type":"product","link":"https:\/\/blune.ch\/it\/prodotto\/play-up-jersey-trousers-watercolor\/","title":{"rendered":"Play Up Jersey trousers watercolor"},"content":{"rendered":"","protected":false},"excerpt":{"rendered":"<p>These trousers are made from fleece with a blend of organic cotton and cotton, in Light Brown color. They are a belted model, have an adjustable drawstring and our herringbone print.<\/p>\n","protected":false},"featured_media":14832,"comment_status":"closed","ping_status":"closed","template":"","meta":{"_acf_changed":false,"slim_seo":{"title":"Play Up Jersey trousers watercolor","description":"Eco-friendly PLAY UP trousers in watercolor fleece. Organic cotton blend, herringbone pattern & adjustable waist. Available in Switzerland Nachhaltige PLAY UP Hose watercolor aus Bio-Fleece mit Fischgr\u00e4tenprint. Mit verstellbarem Kordelzug & G\u00fcrtel. Erh\u00e4ltlich in der Schweiz"}},"brand-prodotto":[],"sesso":[533,535],"stagione":[],"product_brand":[548],"product_cat":[387,392,407,455,456,470],"product_tag":[1369,1371,610,1323,1313,1312,611,1314,1365],"class_list":{"0":"post-14830","1":"product","2":"type-product","3":"status-publish","4":"has-post-thumbnail","6":"sesso-boy","7":"sesso-unisex","8":"product_brand-play-up","9":"product_cat-big-kids-4-12-years-old","10":"product_cat-boys-clothing","11":"product_cat-girls-clothing","12":"product_cat-pants-jeans","13":"product_cat-pants-jeans-leggins","14":"product_cat-sale","15":"product_tag-kinder-bio-baumwolle-winter-hosen","16":"product_tag-nachhaltige-play-up-hose-watercolor-aus-bio-fleece-mit-fischgratenprint-mit-verstellbarem-kordelzug-gurtel-erhaltlich-in-der-schweiz","17":"product_tag-play-up","18":"product_tag-play-up-bio-baumwolle","19":"product_tag-play-up-rabatte","20":"product_tag-play-up-sale","21":"product_tag-play-up-schweiz-kaufen","22":"product_tag-play-up-switzerland-buy","23":"product_tag-play-up-winter-sale","25":"first","26":"instock","27":"sale","28":"taxable","29":"shipping-taxable","30":"purchasable","31":"product-type-variable"},"acf":[],"jetpack_sharing_enabled":true,"_links":{"self":[{"href":"https:\/\/blune.ch\/it\/wp-json\/wp\/v2\/product\/14830","targetHints":{"allow":["GET"]}}],"collection":[{"href":"https:\/\/blune.ch\/it\/wp-json\/wp\/v2\/product"}],"about":[{"href":"https:\/\/blune.ch\/it\/wp-json\/wp\/v2\/types\/product"}],"replies":[{"embeddable":true,"href":"https:\/\/blune.ch\/it\/wp-json\/wp\/v2\/comments?post=14830"}],"wp:featuredmedia":[{"embeddable":true,"href":"https:\/\/blune.ch\/it\/wp-json\/wp\/v2\/media\/14832"}],"wp:attachment":[{"href":"https:\/\/blune.ch\/it\/wp-json\/wp\/v2\/media?parent=14830"}],"wp:term":[{"taxonomy":"brand-prodotto","embeddable":true,"href":"https:\/\/blune.ch\/it\/wp-json\/wp\/v2\/brand-prodotto?post=14830"},{"taxonomy":"sesso","embeddable":true,"href":"https:\/\/blune.ch\/it\/wp-json\/wp\/v2\/sesso?post=14830"},{"taxonomy":"stagione","embeddable":true,"href":"https:\/\/blune.ch\/it\/wp-json\/wp\/v2\/stagione?post=14830"},{"taxonomy":"product_brand","embeddable":true,"href":"https:\/\/blune.ch\/it\/wp-json\/wp\/v2\/product_brand?post=14830"},{"taxonomy":"product_cat","embeddable":true,"href":"https:\/\/blune.ch\/it\/wp-json\/wp\/v2\/product_cat?post=14830"},{"taxonomy":"product_tag","embeddable":true,"href":"https:\/\/blune.ch\/it\/wp-json\/wp\/v2\/product_tag?post=14830"}],"curies":[{"name":"wp","href":"https:\/\/api.w.org\/{rel}","templated":true}]}}