{"id":19839,"date":"2024-04-19T11:09:40","date_gmt":"2024-04-19T09:09:40","guid":{"rendered":"https:\/\/blune.ch\/termini-e-condizioni\/"},"modified":"2026-03-28T19:50:30","modified_gmt":"2026-03-28T17:50:30","slug":"termini-e-condizioni","status":"publish","type":"page","link":"https:\/\/blune.ch\/it\/termini-e-condizioni\/","title":{"rendered":"Termini e condizioni"},"content":{"rendered":"\n<p><strong>Diritto di reso<\/strong><\/p>\n\n<p>In conformit\u00e0 con le normative vigenti in Svizzera, i clienti di Blune di Locarno hanno il diritto di recedere dall&#8217;acquisto entro 14 giorni dal ricevimento dell&#8217;articolo. Se vuoi restituire un prodotto acquistato e richiedere un rimborso o un cambio, assicurati che l&#8217;articolo sia in condizioni inalterate, non utilizzato e nella sua confezione originale.<\/p>\n\n<p><strong>Come effettuare un reso<\/strong><\/p>\n\n<p>Per avviare la procedura di reso, segui questi passaggi:<\/p>\n\n<ul class=\"wp-block-list\">\n<li>Compila il modulo di reso o rimborso entro 14 giorni dal ricevimento dell&#8217;articolo.<\/li>\n\n\n\n<li>Prepara il pacco da restituire inserendo tutti gli articoli nella loro confezione originale.<\/li>\n\n\n\n<li>Invia il pacco all&#8217;indirizzo che ti verr\u00e0 fornito dopo aver compilato il modulo di reso.<\/li>\n<\/ul>\n\n<p><strong>Spese di spedizione<\/strong><\/p>\n\n<p>Le spese di spedizione relative alla restituzione degli articoli sono a carico del cliente, a meno che il motivo del reso non sia dovuto a un nostro errore o a un prodotto difettoso.<\/p>\n\n<p><strong>Rimborso<\/strong><\/p>\n\n<p>Una volta ricevuto il tuo reso, verificheremo lo stato degli articoli. Se il reso soddisfa i nostri criteri di accettazione, procederemo con il rimborso entro 10 giorni lavorativi utilizzando lo stesso metodo di pagamento usato per l&#8217;acquisto, salvo diversi accordi. Il rimborso pu\u00f2 richiedere fino a 14 giorni lavorativi dal ricevimento del reso.<\/p>\n\n<p><strong>Cambi<\/strong><\/p>\n\n<p>Se desideri cambiare un articolo, indicalo nel modulo di reso. I cambi sono soggetti alla disponibilit\u00e0 di magazzino al momento del ricevimento del reso. Se l&#8217;articolo desiderato non \u00e8 disponibile, verr\u00e0 effettuato un rimborso.<\/p>\n\n<p><strong>Contatti<\/strong><\/p>\n\n<p>Per qualsiasi domanda o informazione aggiuntiva, non esitare a contattarci via email all&#8217;indirizzo info@blune.ch o telefonicamente al numero +41 79 471 94 09.<\/p>\n","protected":false},"excerpt":{"rendered":"<p>Diritto di reso In conformit\u00e0 con le normative vigenti in Svizzera, i clienti di Blune di Locarno hanno il diritto di recedere dall&#8217;acquisto entro 14 giorni dal ricevimento dell&#8217;articolo. Se vuoi restituire un prodotto acquistato e richiedere un rimborso o un cambio, assicurati che l&#8217;articolo sia in condizioni inalterate, non utilizzato e nella sua confezione &#8230; <a title=\"Termini e condizioni\" class=\"read-more\" href=\"https:\/\/blune.ch\/it\/termini-e-condizioni\/\" aria-label=\"Per saperne di pi\u00f9 su Termini e condizioni\">Leggi tutto<\/a><\/p>\n","protected":false},"author":2,"featured_media":0,"parent":0,"menu_order":0,"comment_status":"closed","ping_status":"closed","template":"","meta":{"_acf_changed":false,"slim_seo":{"title":"Termini e condizioni - Blune","description":"Diritto di reso In conformit\u00e0 con le normative vigenti in Svizzera, i clienti di Blune di Locarno hanno il diritto di recedere dall'acquisto entro 14 giorni dal"},"footnotes":""},"class_list":["post-19839","page","type-page","status-publish"],"acf":[],"jetpack_sharing_enabled":true,"_links":{"self":[{"href":"https:\/\/blune.ch\/it\/wp-json\/wp\/v2\/pages\/19839","targetHints":{"allow":["GET"]}}],"collection":[{"href":"https:\/\/blune.ch\/it\/wp-json\/wp\/v2\/pages"}],"about":[{"href":"https:\/\/blune.ch\/it\/wp-json\/wp\/v2\/types\/page"}],"author":[{"embeddable":true,"href":"https:\/\/blune.ch\/it\/wp-json\/wp\/v2\/users\/2"}],"replies":[{"embeddable":true,"href":"https:\/\/blune.ch\/it\/wp-json\/wp\/v2\/comments?post=19839"}],"version-history":[{"count":1,"href":"https:\/\/blune.ch\/it\/wp-json\/wp\/v2\/pages\/19839\/revisions"}],"predecessor-version":[{"id":19841,"href":"https:\/\/blune.ch\/it\/wp-json\/wp\/v2\/pages\/19839\/revisions\/19841"}],"wp:attachment":[{"href":"https:\/\/blune.ch\/it\/wp-json\/wp\/v2\/media?parent=19839"}],"curies":[{"name":"wp","href":"https:\/\/api.w.org\/{rel}","templated":true}]}}