{"id":19782,"date":"2024-05-03T16:39:45","date_gmt":"2024-05-03T16:39:45","guid":{"rendered":"https:\/\/blune.ch\/product\/mimi-lula-schmetterlings-tutu\/"},"modified":"2024-05-03T16:39:45","modified_gmt":"2024-05-03T14:39:45","slug":"mimi-lula-schmetterlings-tutu","status":"publish","type":"product","link":"https:\/\/blune.ch\/de\/produkt\/mimi-lula-schmetterlings-tutu\/","title":{"rendered":"Mimi &amp; Lula Schmetterlings-Tutu"},"content":{"rendered":"","protected":false},"excerpt":{"rendered":"<p>Glitzere und wirble in eine Welt voller Zauber \u2013 mit unserem Shimmer Prinzessinnen-Tutu! Aus traumhaft weichem, zartrosa T\u00fcll, \u00fcbers\u00e4t mit funkelnden Schmetterlingen \u2013 das perfekte Teil, um jedem Tag einen Hauch M\u00e4rchenzauber zu verleihen!<\/p>\n","protected":false},"featured_media":11474,"comment_status":"closed","ping_status":"closed","template":"","meta":{"_acf_changed":false,"slim_seo":{"title":"Mimi &amp; Lula Schmetterlings-Tutu - Blune","description":"Glitzere und wirble in eine Welt voller Zauber \u2013 mit unserem Shimmer Prinzessinnen-Tutu! Aus traumhaft weichem, zartrosa T\u00fcll, \u00fcbers\u00e4t mit funkelnden Schmetterl"}},"brand-prodotto":[567],"sesso":[534],"stagione":[],"product_brand":[1906],"product_cat":[1965,1959,1960,1961,1966],"product_tag":[2020],"class_list":{"0":"post-19782","1":"product","2":"type-product","3":"status-publish","4":"has-post-thumbnail","6":"brand-prodotto-mimi-lula","7":"sesso-girl","8":"product_brand-mimi-lula","9":"product_cat-accessoires","10":"product_cat-grose-kinder-4-12-jahre","11":"product_cat-madchenkleidung","12":"product_cat-rocke-kleider","13":"product_cat-spielplatz","14":"product_tag-mimilula-schweiz-kaufen","16":"first","17":"outofstock","18":"taxable","19":"shipping-taxable","20":"purchasable","21":"product-type-simple"},"acf":[],"jetpack_sharing_enabled":true,"_links":{"self":[{"href":"https:\/\/blune.ch\/de\/wp-json\/wp\/v2\/product\/19782","targetHints":{"allow":["GET"]}}],"collection":[{"href":"https:\/\/blune.ch\/de\/wp-json\/wp\/v2\/product"}],"about":[{"href":"https:\/\/blune.ch\/de\/wp-json\/wp\/v2\/types\/product"}],"replies":[{"embeddable":true,"href":"https:\/\/blune.ch\/de\/wp-json\/wp\/v2\/comments?post=19782"}],"wp:featuredmedia":[{"embeddable":true,"href":"https:\/\/blune.ch\/de\/wp-json\/wp\/v2\/media\/11474"}],"wp:attachment":[{"href":"https:\/\/blune.ch\/de\/wp-json\/wp\/v2\/media?parent=19782"}],"wp:term":[{"taxonomy":"brand-prodotto","embeddable":true,"href":"https:\/\/blune.ch\/de\/wp-json\/wp\/v2\/brand-prodotto?post=19782"},{"taxonomy":"sesso","embeddable":true,"href":"https:\/\/blune.ch\/de\/wp-json\/wp\/v2\/sesso?post=19782"},{"taxonomy":"stagione","embeddable":true,"href":"https:\/\/blune.ch\/de\/wp-json\/wp\/v2\/stagione?post=19782"},{"taxonomy":"product_brand","embeddable":true,"href":"https:\/\/blune.ch\/de\/wp-json\/wp\/v2\/product_brand?post=19782"},{"taxonomy":"product_cat","embeddable":true,"href":"https:\/\/blune.ch\/de\/wp-json\/wp\/v2\/product_cat?post=19782"},{"taxonomy":"product_tag","embeddable":true,"href":"https:\/\/blune.ch\/de\/wp-json\/wp\/v2\/product_tag?post=19782"}],"curies":[{"name":"wp","href":"https:\/\/api.w.org\/{rel}","templated":true}]}}