{"id":19753,"date":"2024-11-13T15:41:55","date_gmt":"2024-11-13T15:41:55","guid":{"rendered":"https:\/\/blune.ch\/product\/konges-slojd-tiger-regenbekleidung-komplettset\/"},"modified":"2024-11-13T15:41:55","modified_gmt":"2024-11-13T13:41:55","slug":"konges-slojd-tiger-regenbekleidung-komplettset","status":"publish","type":"product","link":"https:\/\/blune.ch\/de\/produkt\/konges-slojd-tiger-regenbekleidung-komplettset\/","title":{"rendered":"Konges Sl\u00f8jd Tiger Regenbekleidung \u2013 Komplettset"},"content":{"rendered":"","protected":false},"excerpt":{"rendered":"<p>Regenset aus wasser- und windabweisendem PU mit warmem Fleecefutter. Es verf\u00fcgt \u00fcber wichtige Details wie eine gef\u00fctterte und abnehmbare Kapuze, einen hohen Kragen, elastische B\u00fcndchen und verschwei\u00dfte N\u00e4hte f\u00fcr vollen Wetterschutz. Bitte beachte: Bis Gr\u00f6\u00dfe 4 Jahre sind alle Regenhosen mit Hosentr\u00e4gern f\u00fcr einen einfachen und sicheren Sitz ausgestattet.  <\/p>\n<p>Ab Gr\u00f6\u00dfe 5\u20136 Jahre sind die Regenhosen mit einem elastischen Bund ausgestattet, der das An- und Ausziehen erleichtert.<\/p>\n","protected":false},"featured_media":0,"comment_status":"closed","ping_status":"closed","template":"","meta":{"_acf_changed":false,"slim_seo":{"title":"Konges Sl\u00f8jd Tiger Regenbekleidung \u2013 Komplettset - Blune","description":"Regenset aus wasser- und windabweisendem PU mit warmem Fleecefutter. Es verf\u00fcgt \u00fcber wichtige Details wie eine gef\u00fctterte und abnehmbare Kapuze, einen hohen Kra"}},"brand-prodotto":[563],"sesso":[535],"stagione":[],"product_brand":[],"product_cat":[],"product_tag":[],"class_list":{"0":"post-19753","1":"product","2":"type-product","3":"status-publish","5":"brand-prodotto-konges-slojd","6":"sesso-unisex","8":"first","9":"outofstock","10":"taxable","11":"shipping-taxable","12":"product-type-variable"},"acf":[],"jetpack_sharing_enabled":true,"_links":{"self":[{"href":"https:\/\/blune.ch\/de\/wp-json\/wp\/v2\/product\/19753","targetHints":{"allow":["GET"]}}],"collection":[{"href":"https:\/\/blune.ch\/de\/wp-json\/wp\/v2\/product"}],"about":[{"href":"https:\/\/blune.ch\/de\/wp-json\/wp\/v2\/types\/product"}],"replies":[{"embeddable":true,"href":"https:\/\/blune.ch\/de\/wp-json\/wp\/v2\/comments?post=19753"}],"wp:attachment":[{"href":"https:\/\/blune.ch\/de\/wp-json\/wp\/v2\/media?parent=19753"}],"wp:term":[{"taxonomy":"brand-prodotto","embeddable":true,"href":"https:\/\/blune.ch\/de\/wp-json\/wp\/v2\/brand-prodotto?post=19753"},{"taxonomy":"sesso","embeddable":true,"href":"https:\/\/blune.ch\/de\/wp-json\/wp\/v2\/sesso?post=19753"},{"taxonomy":"stagione","embeddable":true,"href":"https:\/\/blune.ch\/de\/wp-json\/wp\/v2\/stagione?post=19753"},{"taxonomy":"product_brand","embeddable":true,"href":"https:\/\/blune.ch\/de\/wp-json\/wp\/v2\/product_brand?post=19753"},{"taxonomy":"product_cat","embeddable":true,"href":"https:\/\/blune.ch\/de\/wp-json\/wp\/v2\/product_cat?post=19753"},{"taxonomy":"product_tag","embeddable":true,"href":"https:\/\/blune.ch\/de\/wp-json\/wp\/v2\/product_tag?post=19753"}],"curies":[{"name":"wp","href":"https:\/\/api.w.org\/{rel}","templated":true}]}}