{"id":19689,"date":"2024-11-14T15:05:17","date_gmt":"2024-11-14T15:05:17","guid":{"rendered":"https:\/\/blune.ch\/product\/konges-slojd-yvonne-feenkleid\/"},"modified":"2024-11-14T15:05:17","modified_gmt":"2024-11-14T13:05:17","slug":"konges-slojd-yvonne-feenkleid","status":"publish","type":"product","link":"https:\/\/blune.ch\/de\/produkt\/konges-slojd-yvonne-feenkleid\/","title":{"rendered":"Konges Sl\u00f8jd Yvonne Feenkleid"},"content":{"rendered":"","protected":false},"excerpt":{"rendered":"<p>Verbreite ein wenig Magie mit dem Yvonne Feenkleid. Mit einem volumin\u00f6sen T\u00fcllrock und viel Glitzer. <\/p>\n","protected":false},"featured_media":12001,"comment_status":"closed","ping_status":"closed","template":"","meta":{"_acf_changed":false,"slim_seo":{"title":"Konges Sl\u00f8jd Yvonne Feenkleid - Blune","description":"Verbreite ein wenig Magie mit dem Yvonne Feenkleid. Mit einem volumin\u00f6sen T\u00fcllrock und viel Glitzer."}},"brand-prodotto":[563],"sesso":[534],"stagione":[],"product_brand":[1901],"product_cat":[1946,1959,1954,1945,1960,1961],"product_tag":[],"class_list":{"0":"post-19689","1":"product","2":"type-product","3":"status-publish","4":"has-post-thumbnail","6":"brand-prodotto-konges-slojd","7":"sesso-girl","8":"product_brand-konges-slojd","9":"product_cat-babykleidung","10":"product_cat-grose-kinder-4-12-jahre","11":"product_cat-kleider-rocke","12":"product_cat-kleine-kinder-0-3-jahre","13":"product_cat-madchenkleidung","14":"product_cat-rocke-kleider","16":"first","17":"outofstock","18":"taxable","19":"shipping-taxable","20":"product-type-variable"},"acf":[],"jetpack_sharing_enabled":true,"_links":{"self":[{"href":"https:\/\/blune.ch\/de\/wp-json\/wp\/v2\/product\/19689","targetHints":{"allow":["GET"]}}],"collection":[{"href":"https:\/\/blune.ch\/de\/wp-json\/wp\/v2\/product"}],"about":[{"href":"https:\/\/blune.ch\/de\/wp-json\/wp\/v2\/types\/product"}],"replies":[{"embeddable":true,"href":"https:\/\/blune.ch\/de\/wp-json\/wp\/v2\/comments?post=19689"}],"wp:featuredmedia":[{"embeddable":true,"href":"https:\/\/blune.ch\/de\/wp-json\/wp\/v2\/media\/12001"}],"wp:attachment":[{"href":"https:\/\/blune.ch\/de\/wp-json\/wp\/v2\/media?parent=19689"}],"wp:term":[{"taxonomy":"brand-prodotto","embeddable":true,"href":"https:\/\/blune.ch\/de\/wp-json\/wp\/v2\/brand-prodotto?post=19689"},{"taxonomy":"sesso","embeddable":true,"href":"https:\/\/blune.ch\/de\/wp-json\/wp\/v2\/sesso?post=19689"},{"taxonomy":"stagione","embeddable":true,"href":"https:\/\/blune.ch\/de\/wp-json\/wp\/v2\/stagione?post=19689"},{"taxonomy":"product_brand","embeddable":true,"href":"https:\/\/blune.ch\/de\/wp-json\/wp\/v2\/product_brand?post=19689"},{"taxonomy":"product_cat","embeddable":true,"href":"https:\/\/blune.ch\/de\/wp-json\/wp\/v2\/product_cat?post=19689"},{"taxonomy":"product_tag","embeddable":true,"href":"https:\/\/blune.ch\/de\/wp-json\/wp\/v2\/product_tag?post=19689"}],"curies":[{"name":"wp","href":"https:\/\/api.w.org\/{rel}","templated":true}]}}