{"id":19675,"date":"2024-11-14T14:31:58","date_gmt":"2024-11-14T14:31:58","guid":{"rendered":"https:\/\/blune.ch\/product\/konges-slojd-musikset-petite-rainbow\/"},"modified":"2024-11-14T14:31:58","modified_gmt":"2024-11-14T12:31:58","slug":"konges-slojd-musikset-petite-rainbow","status":"publish","type":"product","link":"https:\/\/blune.ch\/de\/produkt\/konges-slojd-musikset-petite-rainbow\/","title":{"rendered":"Konges sl\u00f8jd Musikset Petite Rainbow"},"content":{"rendered":"","protected":false},"excerpt":{"rendered":"<p>Instrumentenset f\u00fcr kleine Musiker. Kommt in einer Baumwolltasche mit Kordelzug und enth\u00e4lt: Ein Tamburin, ein Rasselei, eine Fl\u00f6te, Klangh\u00f6lzer.<\/p>\n","protected":false},"featured_media":11482,"comment_status":"closed","ping_status":"closed","template":"","meta":{"_acf_changed":false,"slim_seo":{"title":"Konges sl\u00f8jd Musikset Petite Rainbow - Blune","description":"Instrumentenset f\u00fcr kleine Musiker. Kommt in einer Baumwolltasche mit Kordelzug und enth\u00e4lt: Ein Tamburin, ein Rasselei, eine Fl\u00f6te, Klangh\u00f6lzer."}},"brand-prodotto":[563],"sesso":[],"stagione":[],"product_brand":[1901],"product_cat":[1966],"product_tag":[],"class_list":{"0":"post-19675","1":"product","2":"type-product","3":"status-publish","4":"has-post-thumbnail","6":"brand-prodotto-konges-slojd","7":"product_brand-konges-slojd","8":"product_cat-spielplatz","10":"first","11":"instock","12":"taxable","13":"shipping-taxable","14":"purchasable","15":"product-type-simple"},"acf":[],"jetpack_sharing_enabled":true,"_links":{"self":[{"href":"https:\/\/blune.ch\/de\/wp-json\/wp\/v2\/product\/19675","targetHints":{"allow":["GET"]}}],"collection":[{"href":"https:\/\/blune.ch\/de\/wp-json\/wp\/v2\/product"}],"about":[{"href":"https:\/\/blune.ch\/de\/wp-json\/wp\/v2\/types\/product"}],"replies":[{"embeddable":true,"href":"https:\/\/blune.ch\/de\/wp-json\/wp\/v2\/comments?post=19675"}],"wp:featuredmedia":[{"embeddable":true,"href":"https:\/\/blune.ch\/de\/wp-json\/wp\/v2\/media\/11482"}],"wp:attachment":[{"href":"https:\/\/blune.ch\/de\/wp-json\/wp\/v2\/media?parent=19675"}],"wp:term":[{"taxonomy":"brand-prodotto","embeddable":true,"href":"https:\/\/blune.ch\/de\/wp-json\/wp\/v2\/brand-prodotto?post=19675"},{"taxonomy":"sesso","embeddable":true,"href":"https:\/\/blune.ch\/de\/wp-json\/wp\/v2\/sesso?post=19675"},{"taxonomy":"stagione","embeddable":true,"href":"https:\/\/blune.ch\/de\/wp-json\/wp\/v2\/stagione?post=19675"},{"taxonomy":"product_brand","embeddable":true,"href":"https:\/\/blune.ch\/de\/wp-json\/wp\/v2\/product_brand?post=19675"},{"taxonomy":"product_cat","embeddable":true,"href":"https:\/\/blune.ch\/de\/wp-json\/wp\/v2\/product_cat?post=19675"},{"taxonomy":"product_tag","embeddable":true,"href":"https:\/\/blune.ch\/de\/wp-json\/wp\/v2\/product_tag?post=19675"}],"curies":[{"name":"wp","href":"https:\/\/api.w.org\/{rel}","templated":true}]}}