{"id":19618,"date":"2024-11-15T17:23:05","date_gmt":"2024-11-15T17:23:05","guid":{"rendered":"https:\/\/blune.ch\/product\/konges-slojd-beissring-loewe-senf\/"},"modified":"2024-11-15T17:23:05","modified_gmt":"2024-11-15T15:23:05","slug":"konges-slojd-beissring-loewe-senf","status":"publish","type":"product","link":"https:\/\/blune.ch\/de\/produkt\/konges-slojd-beissring-loewe-senf\/","title":{"rendered":"Konges sl\u00f8jd Bei\u00dfring L\u00f6we Senf"},"content":{"rendered":"<p>Weicher und sicherer Bei\u00dfring aus 100% Naturkautschuk. Der Bei\u00dfring lindert schmerzende Zahnfleisch und l\u00e4sst sich leicht greifen. 0M +.<\/p>\n","protected":false},"excerpt":{"rendered":"<p>Weicher und sicherer Bei\u00dfring aus 100% Naturkautschuk. Der Bei\u00dfring lindert schmerzende Zahnfleisch und l\u00e4sst sich leicht greifen. 0M +.<\/p>\n","protected":false},"featured_media":11496,"comment_status":"closed","ping_status":"closed","template":"","meta":{"_acf_changed":false,"slim_seo":{"title":"Konges sl\u00f8jd Bei\u00dfring L\u00f6we Senf - Blune","description":"Weicher und sicherer Bei\u00dfring aus 100% Naturkautschuk. Der Bei\u00dfring lindert schmerzende Zahnfleisch und l\u00e4sst sich leicht greifen. 0M +."}},"brand-prodotto":[563],"sesso":[],"stagione":[],"product_brand":[1901],"product_cat":[1965,2000],"product_tag":[],"class_list":{"0":"post-19618","1":"product","2":"type-product","3":"status-publish","4":"has-post-thumbnail","6":"brand-prodotto-konges-slojd","7":"product_brand-konges-slojd","8":"product_cat-accessoires","9":"product_cat-pflege-accessoires","11":"first","12":"instock","13":"taxable","14":"shipping-taxable","15":"purchasable","16":"product-type-simple"},"acf":[],"jetpack_sharing_enabled":true,"_links":{"self":[{"href":"https:\/\/blune.ch\/de\/wp-json\/wp\/v2\/product\/19618","targetHints":{"allow":["GET"]}}],"collection":[{"href":"https:\/\/blune.ch\/de\/wp-json\/wp\/v2\/product"}],"about":[{"href":"https:\/\/blune.ch\/de\/wp-json\/wp\/v2\/types\/product"}],"replies":[{"embeddable":true,"href":"https:\/\/blune.ch\/de\/wp-json\/wp\/v2\/comments?post=19618"}],"wp:featuredmedia":[{"embeddable":true,"href":"https:\/\/blune.ch\/de\/wp-json\/wp\/v2\/media\/11496"}],"wp:attachment":[{"href":"https:\/\/blune.ch\/de\/wp-json\/wp\/v2\/media?parent=19618"}],"wp:term":[{"taxonomy":"brand-prodotto","embeddable":true,"href":"https:\/\/blune.ch\/de\/wp-json\/wp\/v2\/brand-prodotto?post=19618"},{"taxonomy":"sesso","embeddable":true,"href":"https:\/\/blune.ch\/de\/wp-json\/wp\/v2\/sesso?post=19618"},{"taxonomy":"stagione","embeddable":true,"href":"https:\/\/blune.ch\/de\/wp-json\/wp\/v2\/stagione?post=19618"},{"taxonomy":"product_brand","embeddable":true,"href":"https:\/\/blune.ch\/de\/wp-json\/wp\/v2\/product_brand?post=19618"},{"taxonomy":"product_cat","embeddable":true,"href":"https:\/\/blune.ch\/de\/wp-json\/wp\/v2\/product_cat?post=19618"},{"taxonomy":"product_tag","embeddable":true,"href":"https:\/\/blune.ch\/de\/wp-json\/wp\/v2\/product_tag?post=19618"}],"curies":[{"name":"wp","href":"https:\/\/api.w.org\/{rel}","templated":true}]}}