{"id":19535,"date":"2024-11-28T15:06:54","date_gmt":"2024-11-28T15:06:54","guid":{"rendered":"https:\/\/blune.ch\/product\/bobo-choses-baby-beneath-the-moon-leggings-mit-fuss\/"},"modified":"2024-11-28T15:06:54","modified_gmt":"2024-11-28T13:06:54","slug":"bobo-choses-baby-beneath-the-moon-leggings-mit-fuss","status":"publish","type":"product","link":"https:\/\/blune.ch\/de\/produkt\/bobo-choses-baby-beneath-the-moon-leggings-mit-fuss\/","title":{"rendered":"Bobo Choses Baby Beneath The Moon Leggings mit Fu\u00df"},"content":{"rendered":"<p>Hauptmerkmale: Design: elastischer Bund, schmale Passform und lange L\u00e4nge Materialien: 95% Bio-Baumwolle, 5% Elasthan Qualit\u00e4t: GOTS-Zertifikat Hergestellt in Spanien.<\/p>\n","protected":false},"excerpt":{"rendered":"<p>Hose mit Fu\u00df, elastischer Bund, schmale Passform und lange L\u00e4nge<\/p>\n","protected":false},"featured_media":0,"comment_status":"closed","ping_status":"closed","template":"","meta":{"_acf_changed":false,"slim_seo":{"title":"Bobo Choses Baby Beneath The Moon Leggings mit Fu\u00df - Blune","description":"Hose mit Fu\u00df, elastischer Bund, schmale Passform und lange L\u00e4nge"}},"brand-prodotto":[561],"sesso":[535],"stagione":[],"product_brand":[],"product_cat":[],"product_tag":[],"class_list":{"0":"post-19535","1":"product","2":"type-product","3":"status-publish","5":"brand-prodotto-bobo-choses","6":"sesso-unisex","8":"first","9":"outofstock","10":"taxable","11":"shipping-taxable","12":"product-type-variable"},"acf":[],"jetpack_sharing_enabled":true,"_links":{"self":[{"href":"https:\/\/blune.ch\/de\/wp-json\/wp\/v2\/product\/19535","targetHints":{"allow":["GET"]}}],"collection":[{"href":"https:\/\/blune.ch\/de\/wp-json\/wp\/v2\/product"}],"about":[{"href":"https:\/\/blune.ch\/de\/wp-json\/wp\/v2\/types\/product"}],"replies":[{"embeddable":true,"href":"https:\/\/blune.ch\/de\/wp-json\/wp\/v2\/comments?post=19535"}],"wp:attachment":[{"href":"https:\/\/blune.ch\/de\/wp-json\/wp\/v2\/media?parent=19535"}],"wp:term":[{"taxonomy":"brand-prodotto","embeddable":true,"href":"https:\/\/blune.ch\/de\/wp-json\/wp\/v2\/brand-prodotto?post=19535"},{"taxonomy":"sesso","embeddable":true,"href":"https:\/\/blune.ch\/de\/wp-json\/wp\/v2\/sesso?post=19535"},{"taxonomy":"stagione","embeddable":true,"href":"https:\/\/blune.ch\/de\/wp-json\/wp\/v2\/stagione?post=19535"},{"taxonomy":"product_brand","embeddable":true,"href":"https:\/\/blune.ch\/de\/wp-json\/wp\/v2\/product_brand?post=19535"},{"taxonomy":"product_cat","embeddable":true,"href":"https:\/\/blune.ch\/de\/wp-json\/wp\/v2\/product_cat?post=19535"},{"taxonomy":"product_tag","embeddable":true,"href":"https:\/\/blune.ch\/de\/wp-json\/wp\/v2\/product_tag?post=19535"}],"curies":[{"name":"wp","href":"https:\/\/api.w.org\/{rel}","templated":true}]}}