{"id":19474,"date":"2024-11-29T17:45:30","date_gmt":"2024-11-29T17:45:30","guid":{"rendered":"https:\/\/blune.ch\/product\/tinycottons-blumenkleid\/"},"modified":"2024-11-29T17:45:30","modified_gmt":"2024-11-29T15:45:30","slug":"tinycottons-blumenkleid","status":"publish","type":"product","link":"https:\/\/blune.ch\/de\/produkt\/tinycottons-blumenkleid\/","title":{"rendered":"Tinycottons Blumenkleid"},"content":{"rendered":"","protected":false},"excerpt":{"rendered":"<p>Dieses pfirsichfarbene Langarmkleid f\u00fcr M\u00e4dchen mit durchgehendem Blumenmuster ist aus 100% reiner Baumwolle gefertigt, um Komfort und Langlebigkeit zu gew\u00e4hrleisten. Die lockere Passform und der runde Ausschnitt mit Druckkn\u00f6pfen auf der R\u00fcckseite sorgen f\u00fcr eine entspannte und moderne Silhouette.<\/p>\n","protected":false},"featured_media":0,"comment_status":"closed","ping_status":"closed","template":"","meta":{"_acf_changed":false,"slim_seo":{"title":"Tinycottons Blumenkleid - Blune","description":"Dieses pfirsichfarbene Langarmkleid f\u00fcr M\u00e4dchen mit durchgehendem Blumenmuster ist aus 100% reiner Baumwolle gefertigt, um Komfort und Langlebigkeit zu gew\u00e4hrle"}},"brand-prodotto":[572],"sesso":[],"stagione":[],"product_brand":[],"product_cat":[],"product_tag":[],"class_list":{"0":"post-19474","1":"product","2":"type-product","3":"status-publish","5":"brand-prodotto-tinycottons","7":"first","8":"outofstock","9":"sale","10":"taxable","11":"shipping-taxable","12":"product-type-variable"},"acf":[],"jetpack_sharing_enabled":true,"_links":{"self":[{"href":"https:\/\/blune.ch\/de\/wp-json\/wp\/v2\/product\/19474","targetHints":{"allow":["GET"]}}],"collection":[{"href":"https:\/\/blune.ch\/de\/wp-json\/wp\/v2\/product"}],"about":[{"href":"https:\/\/blune.ch\/de\/wp-json\/wp\/v2\/types\/product"}],"replies":[{"embeddable":true,"href":"https:\/\/blune.ch\/de\/wp-json\/wp\/v2\/comments?post=19474"}],"wp:attachment":[{"href":"https:\/\/blune.ch\/de\/wp-json\/wp\/v2\/media?parent=19474"}],"wp:term":[{"taxonomy":"brand-prodotto","embeddable":true,"href":"https:\/\/blune.ch\/de\/wp-json\/wp\/v2\/brand-prodotto?post=19474"},{"taxonomy":"sesso","embeddable":true,"href":"https:\/\/blune.ch\/de\/wp-json\/wp\/v2\/sesso?post=19474"},{"taxonomy":"stagione","embeddable":true,"href":"https:\/\/blune.ch\/de\/wp-json\/wp\/v2\/stagione?post=19474"},{"taxonomy":"product_brand","embeddable":true,"href":"https:\/\/blune.ch\/de\/wp-json\/wp\/v2\/product_brand?post=19474"},{"taxonomy":"product_cat","embeddable":true,"href":"https:\/\/blune.ch\/de\/wp-json\/wp\/v2\/product_cat?post=19474"},{"taxonomy":"product_tag","embeddable":true,"href":"https:\/\/blune.ch\/de\/wp-json\/wp\/v2\/product_tag?post=19474"}],"curies":[{"name":"wp","href":"https:\/\/api.w.org\/{rel}","templated":true}]}}