{"id":19443,"date":"2025-01-18T14:54:06","date_gmt":"2025-01-18T14:54:06","guid":{"rendered":"https:\/\/blune.ch\/product\/bobo-choses-happy-dog-t-shirt\/"},"modified":"2025-01-18T14:54:06","modified_gmt":"2025-01-18T12:54:06","slug":"bobo-choses-happy-dog-t-shirt","status":"publish","type":"product","link":"https:\/\/blune.ch\/de\/produkt\/bobo-choses-happy-dog-t-shirt\/","title":{"rendered":"Bobo Choses Happy Dog T-Shirt"},"content":{"rendered":"","protected":false},"excerpt":{"rendered":"<p>Dieses graue melierte T-Shirt ist ein vielseitiges und elegantes Kleidungsst\u00fcck. Aus 100 % Bio-Baumwolle, mit kurzen \u00c4rmeln, \u00fcberschnittenen Schultern und lockerer Passform f\u00fcr eine entspannte Silhouette. Der Rundhalsausschnitt rundet das schlichte Design ab. Mit Liebe in Portugal gefertigt.   <\/p>\n","protected":false},"featured_media":0,"comment_status":"closed","ping_status":"closed","template":"","meta":{"_acf_changed":false,"slim_seo":{"title":"Bobo Choses Happy Dog T-Shirt - Blune","description":"Dieses graue melierte T-Shirt ist ein vielseitiges und elegantes Kleidungsst\u00fcck. Aus 100 % Bio-Baumwolle, mit kurzen \u00c4rmeln, \u00fcberschnittenen Schultern und locke"}},"brand-prodotto":[561],"sesso":[535],"stagione":[],"product_brand":[],"product_cat":[],"product_tag":[],"class_list":{"0":"post-19443","1":"product","2":"type-product","3":"status-publish","5":"brand-prodotto-bobo-choses","6":"sesso-unisex","8":"first","9":"outofstock","10":"sale","11":"taxable","12":"shipping-taxable","13":"product-type-variable"},"acf":[],"jetpack_sharing_enabled":true,"_links":{"self":[{"href":"https:\/\/blune.ch\/de\/wp-json\/wp\/v2\/product\/19443","targetHints":{"allow":["GET"]}}],"collection":[{"href":"https:\/\/blune.ch\/de\/wp-json\/wp\/v2\/product"}],"about":[{"href":"https:\/\/blune.ch\/de\/wp-json\/wp\/v2\/types\/product"}],"replies":[{"embeddable":true,"href":"https:\/\/blune.ch\/de\/wp-json\/wp\/v2\/comments?post=19443"}],"wp:attachment":[{"href":"https:\/\/blune.ch\/de\/wp-json\/wp\/v2\/media?parent=19443"}],"wp:term":[{"taxonomy":"brand-prodotto","embeddable":true,"href":"https:\/\/blune.ch\/de\/wp-json\/wp\/v2\/brand-prodotto?post=19443"},{"taxonomy":"sesso","embeddable":true,"href":"https:\/\/blune.ch\/de\/wp-json\/wp\/v2\/sesso?post=19443"},{"taxonomy":"stagione","embeddable":true,"href":"https:\/\/blune.ch\/de\/wp-json\/wp\/v2\/stagione?post=19443"},{"taxonomy":"product_brand","embeddable":true,"href":"https:\/\/blune.ch\/de\/wp-json\/wp\/v2\/product_brand?post=19443"},{"taxonomy":"product_cat","embeddable":true,"href":"https:\/\/blune.ch\/de\/wp-json\/wp\/v2\/product_cat?post=19443"},{"taxonomy":"product_tag","embeddable":true,"href":"https:\/\/blune.ch\/de\/wp-json\/wp\/v2\/product_tag?post=19443"}],"curies":[{"name":"wp","href":"https:\/\/api.w.org\/{rel}","templated":true}]}}