{"id":19406,"date":"2025-01-18T14:47:21","date_gmt":"2025-01-18T14:47:21","guid":{"rendered":"https:\/\/blune.ch\/product\/bobo-choses-joy-t-shirt\/"},"modified":"2025-01-18T14:47:21","modified_gmt":"2025-01-18T12:47:21","slug":"bobo-choses-joy-t-shirt","status":"publish","type":"product","link":"https:\/\/blune.ch\/de\/produkt\/bobo-choses-joy-t-shirt\/","title":{"rendered":"Bobo Choses Joy T-Shirt"},"content":{"rendered":"","protected":false},"excerpt":{"rendered":"<p>Cool und leicht, dieses hellblaue T-Shirt ist f\u00fcr den Alltag gemacht. Aus 100% Bio-Baumwolle gefertigt, mit kurzen \u00c4rmeln, \u00fcberschnittener Schulter und lockerer Passform f\u00fcr einen entspannten Style. Der Rundhalsausschnitt macht es vielseitig kombinierbar. Mit Sorgfalt in Spanien hergestellt.   <\/p>\n","protected":false},"featured_media":0,"comment_status":"closed","ping_status":"closed","template":"","meta":{"_acf_changed":false,"slim_seo":{"title":"Bobo Choses Joy T-Shirt - Blune","description":"Cool und leicht, dieses hellblaue T-Shirt ist f\u00fcr den Alltag gemacht. Aus 100% Bio-Baumwolle gefertigt, mit kurzen \u00c4rmeln, \u00fcberschnittener Schulter und lockerer"}},"brand-prodotto":[561],"sesso":[535],"stagione":[],"product_brand":[],"product_cat":[],"product_tag":[],"class_list":{"0":"post-19406","1":"product","2":"type-product","3":"status-publish","5":"brand-prodotto-bobo-choses","6":"sesso-unisex","8":"first","9":"outofstock","10":"taxable","11":"shipping-taxable","12":"purchasable","13":"product-type-variable"},"acf":[],"jetpack_sharing_enabled":true,"_links":{"self":[{"href":"https:\/\/blune.ch\/de\/wp-json\/wp\/v2\/product\/19406","targetHints":{"allow":["GET"]}}],"collection":[{"href":"https:\/\/blune.ch\/de\/wp-json\/wp\/v2\/product"}],"about":[{"href":"https:\/\/blune.ch\/de\/wp-json\/wp\/v2\/types\/product"}],"replies":[{"embeddable":true,"href":"https:\/\/blune.ch\/de\/wp-json\/wp\/v2\/comments?post=19406"}],"wp:attachment":[{"href":"https:\/\/blune.ch\/de\/wp-json\/wp\/v2\/media?parent=19406"}],"wp:term":[{"taxonomy":"brand-prodotto","embeddable":true,"href":"https:\/\/blune.ch\/de\/wp-json\/wp\/v2\/brand-prodotto?post=19406"},{"taxonomy":"sesso","embeddable":true,"href":"https:\/\/blune.ch\/de\/wp-json\/wp\/v2\/sesso?post=19406"},{"taxonomy":"stagione","embeddable":true,"href":"https:\/\/blune.ch\/de\/wp-json\/wp\/v2\/stagione?post=19406"},{"taxonomy":"product_brand","embeddable":true,"href":"https:\/\/blune.ch\/de\/wp-json\/wp\/v2\/product_brand?post=19406"},{"taxonomy":"product_cat","embeddable":true,"href":"https:\/\/blune.ch\/de\/wp-json\/wp\/v2\/product_cat?post=19406"},{"taxonomy":"product_tag","embeddable":true,"href":"https:\/\/blune.ch\/de\/wp-json\/wp\/v2\/product_tag?post=19406"}],"curies":[{"name":"wp","href":"https:\/\/api.w.org\/{rel}","templated":true}]}}