{"id":19339,"date":"2024-01-18T17:18:02","date_gmt":"2024-01-18T15:18:02","guid":{"rendered":"https:\/\/blune.ch\/product\/bobo-choses-sunflower-all-over-kleid\/"},"modified":"2024-01-18T17:18:02","modified_gmt":"2024-01-18T15:18:02","slug":"bobo-choses-sunflower-all-over-kleid","status":"publish","type":"product","link":"https:\/\/blune.ch\/de\/produkt\/bobo-choses-sunflower-all-over-kleid\/","title":{"rendered":"Bobo Choses Sunflower all over Kleid"},"content":{"rendered":"","protected":false},"excerpt":{"rendered":"<p>Weich und s\u00fc\u00df, dieses hellrosa Kleid ist f\u00fcr Abenteuer in der Sonne gemacht. Aus 47% Bio-Baumwolle und 53% Baumwolle gefertigt, hat es kurze \u00c4rmel, \u00fcberschnittene Schultern und einen elastischen Bund f\u00fcr eine bequeme ausgestellte Passform. Stickerei-Details, runder Ausschnitt und aufgesetzte Tasche runden dieses bezaubernde Design ab. Mit Sorgfalt in Spanien hergestellt.   <\/p>\n","protected":false},"featured_media":12124,"comment_status":"closed","ping_status":"closed","template":"","meta":{"_acf_changed":false,"slim_seo":{"title":"Bobo Choses Sunflower all over Kleid - Blune","description":"Weich und s\u00fc\u00df, dieses hellrosa Kleid ist f\u00fcr Abenteuer in der Sonne gemacht. Aus 47% Bio-Baumwolle und 53% Baumwolle gefertigt, hat es kurze \u00c4rmel, \u00fcberschnitte"}},"brand-prodotto":[561],"sesso":[],"stagione":[],"product_brand":[1897],"product_cat":[1946,1954,1945,1943],"product_tag":[],"class_list":{"0":"post-19339","1":"product","2":"type-product","3":"status-publish","4":"has-post-thumbnail","6":"brand-prodotto-bobo-choses","7":"product_brand-bobo-choses","8":"product_cat-babykleidung","9":"product_cat-kleider-rocke","10":"product_cat-kleine-kinder-0-3-jahre","11":"product_cat-sale","13":"first","14":"instock","15":"taxable","16":"shipping-taxable","17":"purchasable","18":"product-type-variable"},"acf":[],"jetpack_sharing_enabled":true,"_links":{"self":[{"href":"https:\/\/blune.ch\/de\/wp-json\/wp\/v2\/product\/19339","targetHints":{"allow":["GET"]}}],"collection":[{"href":"https:\/\/blune.ch\/de\/wp-json\/wp\/v2\/product"}],"about":[{"href":"https:\/\/blune.ch\/de\/wp-json\/wp\/v2\/types\/product"}],"replies":[{"embeddable":true,"href":"https:\/\/blune.ch\/de\/wp-json\/wp\/v2\/comments?post=19339"}],"wp:featuredmedia":[{"embeddable":true,"href":"https:\/\/blune.ch\/de\/wp-json\/wp\/v2\/media\/12124"}],"wp:attachment":[{"href":"https:\/\/blune.ch\/de\/wp-json\/wp\/v2\/media?parent=19339"}],"wp:term":[{"taxonomy":"brand-prodotto","embeddable":true,"href":"https:\/\/blune.ch\/de\/wp-json\/wp\/v2\/brand-prodotto?post=19339"},{"taxonomy":"sesso","embeddable":true,"href":"https:\/\/blune.ch\/de\/wp-json\/wp\/v2\/sesso?post=19339"},{"taxonomy":"stagione","embeddable":true,"href":"https:\/\/blune.ch\/de\/wp-json\/wp\/v2\/stagione?post=19339"},{"taxonomy":"product_brand","embeddable":true,"href":"https:\/\/blune.ch\/de\/wp-json\/wp\/v2\/product_brand?post=19339"},{"taxonomy":"product_cat","embeddable":true,"href":"https:\/\/blune.ch\/de\/wp-json\/wp\/v2\/product_cat?post=19339"},{"taxonomy":"product_tag","embeddable":true,"href":"https:\/\/blune.ch\/de\/wp-json\/wp\/v2\/product_tag?post=19339"}],"curies":[{"name":"wp","href":"https:\/\/api.w.org\/{rel}","templated":true}]}}