{"id":19301,"date":"2025-01-18T17:28:16","date_gmt":"2025-01-18T17:28:16","guid":{"rendered":"https:\/\/blune.ch\/product\/bobo-choses-garden-party-webkleid-mit-allover-print\/"},"modified":"2025-01-18T17:28:16","modified_gmt":"2025-01-18T15:28:16","slug":"bobo-choses-garden-party-webkleid-mit-allover-print","status":"publish","type":"product","link":"https:\/\/blune.ch\/de\/produkt\/bobo-choses-garden-party-webkleid-mit-allover-print\/","title":{"rendered":"Bobo Choses Garden Party Webkleid mit Allover-Print"},"content":{"rendered":"","protected":false},"excerpt":{"rendered":"<p>Elegant und zeitlos: Dieses cremewei\u00dfe Kleid ist f\u00fcr endlose Sommertage gemacht. Es besteht aus 100 % Baumwolle in Seersucker-Qualit\u00e4t und verf\u00fcgt \u00fcber kurze \u00c4rmel, \u00fcberschnittene Schultern sowie einen Knopfverschluss am R\u00fccken f\u00fcr eine luftige Passform. Kr\u00e4uselungen, Stickereien und die ausgestellte Silhouette verleihen ihm Charme, w\u00e4hrend der Rundhalsausschnitt das edle Design abrundet. Mit Sorgfalt in Spanien hergestellt.   <\/p>\n","protected":false},"featured_media":12129,"comment_status":"closed","ping_status":"closed","template":"","meta":{"_acf_changed":false,"slim_seo":{"title":"Bobo Choses Garden Party Webkleid mit Allover-Print - Blune","description":"Elegant und zeitlos: Dieses cremewei\u00dfe Kleid ist f\u00fcr endlose Sommertage gemacht. Es besteht aus 100 % Baumwolle in Seersucker-Qualit\u00e4t und verf\u00fcgt \u00fcber kurze \u00c4r"}},"brand-prodotto":[561],"sesso":[],"stagione":[],"product_brand":[1897],"product_cat":[1946,1954,1945,1943],"product_tag":[],"class_list":{"0":"post-19301","1":"product","2":"type-product","3":"status-publish","4":"has-post-thumbnail","6":"brand-prodotto-bobo-choses","7":"product_brand-bobo-choses","8":"product_cat-babykleidung","9":"product_cat-kleider-rocke","10":"product_cat-kleine-kinder-0-3-jahre","11":"product_cat-sale","13":"first","14":"instock","15":"taxable","16":"shipping-taxable","17":"purchasable","18":"product-type-variable"},"acf":[],"jetpack_sharing_enabled":true,"_links":{"self":[{"href":"https:\/\/blune.ch\/de\/wp-json\/wp\/v2\/product\/19301","targetHints":{"allow":["GET"]}}],"collection":[{"href":"https:\/\/blune.ch\/de\/wp-json\/wp\/v2\/product"}],"about":[{"href":"https:\/\/blune.ch\/de\/wp-json\/wp\/v2\/types\/product"}],"replies":[{"embeddable":true,"href":"https:\/\/blune.ch\/de\/wp-json\/wp\/v2\/comments?post=19301"}],"wp:featuredmedia":[{"embeddable":true,"href":"https:\/\/blune.ch\/de\/wp-json\/wp\/v2\/media\/12129"}],"wp:attachment":[{"href":"https:\/\/blune.ch\/de\/wp-json\/wp\/v2\/media?parent=19301"}],"wp:term":[{"taxonomy":"brand-prodotto","embeddable":true,"href":"https:\/\/blune.ch\/de\/wp-json\/wp\/v2\/brand-prodotto?post=19301"},{"taxonomy":"sesso","embeddable":true,"href":"https:\/\/blune.ch\/de\/wp-json\/wp\/v2\/sesso?post=19301"},{"taxonomy":"stagione","embeddable":true,"href":"https:\/\/blune.ch\/de\/wp-json\/wp\/v2\/stagione?post=19301"},{"taxonomy":"product_brand","embeddable":true,"href":"https:\/\/blune.ch\/de\/wp-json\/wp\/v2\/product_brand?post=19301"},{"taxonomy":"product_cat","embeddable":true,"href":"https:\/\/blune.ch\/de\/wp-json\/wp\/v2\/product_cat?post=19301"},{"taxonomy":"product_tag","embeddable":true,"href":"https:\/\/blune.ch\/de\/wp-json\/wp\/v2\/product_tag?post=19301"}],"curies":[{"name":"wp","href":"https:\/\/api.w.org\/{rel}","templated":true}]}}