{"id":19287,"date":"2024-01-20T10:49:34","date_gmt":"2024-01-20T08:49:34","guid":{"rendered":"https:\/\/blune.ch\/product\/bobo-choses-denim-playsuit-mit-morning-egg-print\/"},"modified":"2024-01-20T10:49:34","modified_gmt":"2024-01-20T08:49:34","slug":"bobo-choses-denim-playsuit-mit-morning-egg-print","status":"publish","type":"product","link":"https:\/\/blune.ch\/de\/produkt\/bobo-choses-denim-playsuit-mit-morning-egg-print\/","title":{"rendered":"Bobo Choses Denim-Playsuit mit \u201eMorning Egg\u201c-Print"},"content":{"rendered":"","protected":false},"excerpt":{"rendered":"<p>Dieser hellblaue Einteiler vereint Komfort und Funktionalit\u00e4t. Er besteht aus 100 % Baumwolle und \u00fcberzeugt durch sein \u00e4rmelloses Design, eine Knopfleiste vorne sowie Druckkn\u00f6pfe im Schritt f\u00fcr einfaches An- und Ausziehen. Die lockere Passform, der Rundhalsausschnitt, der tiefe Schritt und die halbe Knopfleiste machen ihn zur idealen Wahl f\u00fcr die warme Jahreszeit. Mit Sorgfalt in Spanien hergestellt.   <\/p>\n","protected":false},"featured_media":12145,"comment_status":"closed","ping_status":"closed","template":"","meta":{"_acf_changed":false,"slim_seo":{"title":"Bobo Choses Denim-Playsuit mit \u201eMorning Egg\u201c-Print - Blune","description":"Dieser hellblaue Einteiler vereint Komfort und Funktionalit\u00e4t. Er besteht aus 100 % Baumwolle und \u00fcberzeugt durch sein \u00e4rmelloses Design, eine Knopfleiste vorne"}},"brand-prodotto":[561],"sesso":[535],"stagione":[],"product_brand":[1897],"product_cat":[1946,1948,1945,1950,1943],"product_tag":[],"class_list":{"0":"post-19287","1":"product","2":"type-product","3":"status-publish","4":"has-post-thumbnail","6":"brand-prodotto-bobo-choses","7":"sesso-unisex","8":"product_brand-bobo-choses","9":"product_cat-babykleidung","10":"product_cat-einteiler","11":"product_cat-kleine-kinder-0-3-jahre","12":"product_cat-kleinkinder-set","13":"product_cat-sale","15":"first","16":"instock","17":"taxable","18":"shipping-taxable","19":"purchasable","20":"product-type-variable"},"acf":[],"jetpack_sharing_enabled":true,"_links":{"self":[{"href":"https:\/\/blune.ch\/de\/wp-json\/wp\/v2\/product\/19287","targetHints":{"allow":["GET"]}}],"collection":[{"href":"https:\/\/blune.ch\/de\/wp-json\/wp\/v2\/product"}],"about":[{"href":"https:\/\/blune.ch\/de\/wp-json\/wp\/v2\/types\/product"}],"replies":[{"embeddable":true,"href":"https:\/\/blune.ch\/de\/wp-json\/wp\/v2\/comments?post=19287"}],"wp:featuredmedia":[{"embeddable":true,"href":"https:\/\/blune.ch\/de\/wp-json\/wp\/v2\/media\/12145"}],"wp:attachment":[{"href":"https:\/\/blune.ch\/de\/wp-json\/wp\/v2\/media?parent=19287"}],"wp:term":[{"taxonomy":"brand-prodotto","embeddable":true,"href":"https:\/\/blune.ch\/de\/wp-json\/wp\/v2\/brand-prodotto?post=19287"},{"taxonomy":"sesso","embeddable":true,"href":"https:\/\/blune.ch\/de\/wp-json\/wp\/v2\/sesso?post=19287"},{"taxonomy":"stagione","embeddable":true,"href":"https:\/\/blune.ch\/de\/wp-json\/wp\/v2\/stagione?post=19287"},{"taxonomy":"product_brand","embeddable":true,"href":"https:\/\/blune.ch\/de\/wp-json\/wp\/v2\/product_brand?post=19287"},{"taxonomy":"product_cat","embeddable":true,"href":"https:\/\/blune.ch\/de\/wp-json\/wp\/v2\/product_cat?post=19287"},{"taxonomy":"product_tag","embeddable":true,"href":"https:\/\/blune.ch\/de\/wp-json\/wp\/v2\/product_tag?post=19287"}],"curies":[{"name":"wp","href":"https:\/\/api.w.org\/{rel}","templated":true}]}}