{"id":19257,"date":"2025-01-20T10:56:22","date_gmt":"2025-01-20T10:56:22","guid":{"rendered":"https:\/\/blune.ch\/product\/bobo-choses-wavy-frottee-spielanzug\/"},"modified":"2025-01-20T10:56:22","modified_gmt":"2025-01-20T08:56:22","slug":"bobo-choses-wavy-frottee-spielanzug","status":"publish","type":"product","link":"https:\/\/blune.ch\/de\/produkt\/bobo-choses-wavy-frottee-spielanzug\/","title":{"rendered":"Bobo Choses Wavy Frottee-Spielanzug"},"content":{"rendered":"","protected":false},"excerpt":{"rendered":"<p>Leuchtend und verspielt, dieser orangerote Anzug ist f\u00fcr Komfort und Stil gemacht. Aus 88% Bio-Baumwolle und 12% recyceltem Polyester gefertigt, hat er einen normalen Schritt, einen elastischen Bund und einen Kragen. Die weite Passform, verk\u00fcrzte L\u00e4nge und einzelne Tr\u00e4ger verleihen einen l\u00e4ssigen Touch. Mit Sorgfalt in Spanien hergestellt.   <\/p>\n","protected":false},"featured_media":0,"comment_status":"closed","ping_status":"closed","template":"","meta":{"_acf_changed":false,"slim_seo":{"title":"Bobo Choses Wavy Frottee-Spielanzug - Blune","description":"Leuchtend und verspielt, dieser orangerote Anzug ist f\u00fcr Komfort und Stil gemacht. Aus 88% Bio-Baumwolle und 12% recyceltem Polyester gefertigt, hat er einen no"}},"brand-prodotto":[561],"sesso":[],"stagione":[],"product_brand":[],"product_cat":[],"product_tag":[],"class_list":{"0":"post-19257","1":"product","2":"type-product","3":"status-publish","5":"brand-prodotto-bobo-choses","7":"first","8":"outofstock","9":"taxable","10":"shipping-taxable","11":"product-type-variable"},"acf":[],"jetpack_sharing_enabled":true,"_links":{"self":[{"href":"https:\/\/blune.ch\/de\/wp-json\/wp\/v2\/product\/19257","targetHints":{"allow":["GET"]}}],"collection":[{"href":"https:\/\/blune.ch\/de\/wp-json\/wp\/v2\/product"}],"about":[{"href":"https:\/\/blune.ch\/de\/wp-json\/wp\/v2\/types\/product"}],"replies":[{"embeddable":true,"href":"https:\/\/blune.ch\/de\/wp-json\/wp\/v2\/comments?post=19257"}],"wp:attachment":[{"href":"https:\/\/blune.ch\/de\/wp-json\/wp\/v2\/media?parent=19257"}],"wp:term":[{"taxonomy":"brand-prodotto","embeddable":true,"href":"https:\/\/blune.ch\/de\/wp-json\/wp\/v2\/brand-prodotto?post=19257"},{"taxonomy":"sesso","embeddable":true,"href":"https:\/\/blune.ch\/de\/wp-json\/wp\/v2\/sesso?post=19257"},{"taxonomy":"stagione","embeddable":true,"href":"https:\/\/blune.ch\/de\/wp-json\/wp\/v2\/stagione?post=19257"},{"taxonomy":"product_brand","embeddable":true,"href":"https:\/\/blune.ch\/de\/wp-json\/wp\/v2\/product_brand?post=19257"},{"taxonomy":"product_cat","embeddable":true,"href":"https:\/\/blune.ch\/de\/wp-json\/wp\/v2\/product_cat?post=19257"},{"taxonomy":"product_tag","embeddable":true,"href":"https:\/\/blune.ch\/de\/wp-json\/wp\/v2\/product_tag?post=19257"}],"curies":[{"name":"wp","href":"https:\/\/api.w.org\/{rel}","templated":true}]}}