{"id":19246,"date":"2025-01-20T13:27:31","date_gmt":"2025-01-20T13:27:31","guid":{"rendered":"https:\/\/blune.ch\/product\/cozmo-neugeborenenhose-aus-weichem-musselin-in-zartem-gruen\/"},"modified":"2025-01-20T13:27:31","modified_gmt":"2025-01-20T11:27:31","slug":"cozmo-neugeborenenhose-aus-weichem-musselin-in-zartem-gruen","status":"publish","type":"product","link":"https:\/\/blune.ch\/de\/produkt\/cozmo-neugeborenenhose-aus-weichem-musselin-in-zartem-gruen\/","title":{"rendered":"Cozmo Neugeborenenhose aus weichem Musselin in zartem Gr\u00fcn"},"content":{"rendered":"","protected":false},"excerpt":{"rendered":"<p>Weiche gr\u00fcne Hose aus weichem, leichtem Baumwollmusselin. Elastische B\u00fcndchen. <\/p>\n","protected":false},"featured_media":12176,"comment_status":"closed","ping_status":"closed","template":"","meta":{"_acf_changed":false,"slim_seo":{"title":"Cozmo Neugeborenenhose aus weichem Musselin in zartem Gr\u00fcn - Blune","description":"Weiche gr\u00fcne Hose aus weichem, leichtem Baumwollmusselin. Elastische B\u00fcndchen."}},"brand-prodotto":[562],"sesso":[535],"stagione":[],"product_brand":[1900],"product_cat":[1946,1947,1945,1950,1956,1943],"product_tag":[],"class_list":{"0":"post-19246","1":"product","2":"type-product","3":"status-publish","4":"has-post-thumbnail","6":"brand-prodotto-cozmo","7":"sesso-unisex","8":"product_brand-cozmo","9":"product_cat-babykleidung","10":"product_cat-hosen-leggings","11":"product_cat-kleine-kinder-0-3-jahre","12":"product_cat-kleinkinder-set","13":"product_cat-neugeborene","14":"product_cat-sale","16":"first","17":"instock","18":"taxable","19":"shipping-taxable","20":"purchasable","21":"product-type-variable"},"acf":[],"jetpack_sharing_enabled":true,"_links":{"self":[{"href":"https:\/\/blune.ch\/de\/wp-json\/wp\/v2\/product\/19246","targetHints":{"allow":["GET"]}}],"collection":[{"href":"https:\/\/blune.ch\/de\/wp-json\/wp\/v2\/product"}],"about":[{"href":"https:\/\/blune.ch\/de\/wp-json\/wp\/v2\/types\/product"}],"replies":[{"embeddable":true,"href":"https:\/\/blune.ch\/de\/wp-json\/wp\/v2\/comments?post=19246"}],"wp:featuredmedia":[{"embeddable":true,"href":"https:\/\/blune.ch\/de\/wp-json\/wp\/v2\/media\/12176"}],"wp:attachment":[{"href":"https:\/\/blune.ch\/de\/wp-json\/wp\/v2\/media?parent=19246"}],"wp:term":[{"taxonomy":"brand-prodotto","embeddable":true,"href":"https:\/\/blune.ch\/de\/wp-json\/wp\/v2\/brand-prodotto?post=19246"},{"taxonomy":"sesso","embeddable":true,"href":"https:\/\/blune.ch\/de\/wp-json\/wp\/v2\/sesso?post=19246"},{"taxonomy":"stagione","embeddable":true,"href":"https:\/\/blune.ch\/de\/wp-json\/wp\/v2\/stagione?post=19246"},{"taxonomy":"product_brand","embeddable":true,"href":"https:\/\/blune.ch\/de\/wp-json\/wp\/v2\/product_brand?post=19246"},{"taxonomy":"product_cat","embeddable":true,"href":"https:\/\/blune.ch\/de\/wp-json\/wp\/v2\/product_cat?post=19246"},{"taxonomy":"product_tag","embeddable":true,"href":"https:\/\/blune.ch\/de\/wp-json\/wp\/v2\/product_tag?post=19246"}],"curies":[{"name":"wp","href":"https:\/\/api.w.org\/{rel}","templated":true}]}}