{"id":19221,"date":"2025-01-20T13:38:45","date_gmt":"2025-01-20T13:38:45","guid":{"rendered":"https:\/\/blune.ch\/product\/cozmo-weicher-musselin-neugeborenen-body-zartgruen\/"},"modified":"2025-01-20T13:38:45","modified_gmt":"2025-01-20T11:38:45","slug":"cozmo-weicher-musselin-neugeborenen-body-zartgruen","status":"publish","type":"product","link":"https:\/\/blune.ch\/de\/produkt\/cozmo-weicher-musselin-neugeborenen-body-zartgruen\/","title":{"rendered":"Cozmo Weicher Musselin-Neugeborenen-Body zartgr\u00fcn"},"content":{"rendered":"","protected":false},"excerpt":{"rendered":"<p>Zartgr\u00fcner Body aus leichtem, flauschigem Baumwollmusselin. V-Ausschnitt. Wickelverschluss mit B\u00e4ndern zum Knoten an der Brust. Innen- und Au\u00dfendruckkn\u00f6pfe. Elastische Bein\u00f6ffnungen.    <\/p>\n","protected":false},"featured_media":0,"comment_status":"closed","ping_status":"closed","template":"","meta":{"_acf_changed":false,"slim_seo":{"title":"Cozmo Weicher Musselin-Neugeborenen-Body zartgr\u00fcn - Blune","description":"Zartgr\u00fcner Body aus leichtem, flauschigem Baumwollmusselin. V-Ausschnitt. Wickelverschluss mit B\u00e4ndern zum Knoten an der Brust. Innen- und Au\u00dfendruckkn\u00f6pfe. Ela"}},"brand-prodotto":[562],"sesso":[535],"stagione":[],"product_brand":[],"product_cat":[],"product_tag":[],"class_list":{"0":"post-19221","1":"product","2":"type-product","3":"status-publish","5":"brand-prodotto-cozmo","6":"sesso-unisex","8":"first","9":"outofstock","10":"taxable","11":"shipping-taxable","12":"product-type-variable"},"acf":[],"jetpack_sharing_enabled":true,"_links":{"self":[{"href":"https:\/\/blune.ch\/de\/wp-json\/wp\/v2\/product\/19221","targetHints":{"allow":["GET"]}}],"collection":[{"href":"https:\/\/blune.ch\/de\/wp-json\/wp\/v2\/product"}],"about":[{"href":"https:\/\/blune.ch\/de\/wp-json\/wp\/v2\/types\/product"}],"replies":[{"embeddable":true,"href":"https:\/\/blune.ch\/de\/wp-json\/wp\/v2\/comments?post=19221"}],"wp:attachment":[{"href":"https:\/\/blune.ch\/de\/wp-json\/wp\/v2\/media?parent=19221"}],"wp:term":[{"taxonomy":"brand-prodotto","embeddable":true,"href":"https:\/\/blune.ch\/de\/wp-json\/wp\/v2\/brand-prodotto?post=19221"},{"taxonomy":"sesso","embeddable":true,"href":"https:\/\/blune.ch\/de\/wp-json\/wp\/v2\/sesso?post=19221"},{"taxonomy":"stagione","embeddable":true,"href":"https:\/\/blune.ch\/de\/wp-json\/wp\/v2\/stagione?post=19221"},{"taxonomy":"product_brand","embeddable":true,"href":"https:\/\/blune.ch\/de\/wp-json\/wp\/v2\/product_brand?post=19221"},{"taxonomy":"product_cat","embeddable":true,"href":"https:\/\/blune.ch\/de\/wp-json\/wp\/v2\/product_cat?post=19221"},{"taxonomy":"product_tag","embeddable":true,"href":"https:\/\/blune.ch\/de\/wp-json\/wp\/v2\/product_tag?post=19221"}],"curies":[{"name":"wp","href":"https:\/\/api.w.org\/{rel}","templated":true}]}}