{"id":19169,"date":"2025-01-20T13:55:14","date_gmt":"2025-01-20T13:55:14","guid":{"rendered":"https:\/\/blune.ch\/product\/cozmo-soft-gauze-baby-jumpsuit-frosty-green\/"},"modified":"2025-01-20T13:55:14","modified_gmt":"2025-01-20T11:55:14","slug":"cozmo-soft-gauze-baby-jumpsuit-frosty-green","status":"publish","type":"product","link":"https:\/\/blune.ch\/de\/produkt\/cozmo-soft-gauze-baby-jumpsuit-frosty-green\/","title":{"rendered":"Cozmo Soft Gauze Baby-Jumpsuit Frosty Green"},"content":{"rendered":"","protected":false},"excerpt":{"rendered":"<p>Leichter und luftiger Baumwoll-Gauze-Anzug in Frosty Green.<\/p>\n<p>Runder Ausschnitt. Knopfleiste vorne mit Kokosnusskn\u00f6pfen. Kurze \u00c4rmel und lange Beine. Nat\u00fcrlich knitteriger Stoff.   <\/p>\n","protected":false},"featured_media":12186,"comment_status":"closed","ping_status":"closed","template":"","meta":{"_acf_changed":false,"slim_seo":{"title":"Cozmo Soft Gauze Baby-Jumpsuit Frosty Green - Blune","description":"Leichter und luftiger Baumwoll-Gauze-Anzug in Frosty Green. Runder Ausschnitt. Knopfleiste vorne mit Kokosnusskn\u00f6pfen. Kurze \u00c4rmel und lange Beine. Nat\u00fcrlich kn"}},"brand-prodotto":[562],"sesso":[535],"stagione":[],"product_brand":[1900],"product_cat":[1946,1948,1945,1943],"product_tag":[],"class_list":{"0":"post-19169","1":"product","2":"type-product","3":"status-publish","4":"has-post-thumbnail","6":"brand-prodotto-cozmo","7":"sesso-unisex","8":"product_brand-cozmo","9":"product_cat-babykleidung","10":"product_cat-einteiler","11":"product_cat-kleine-kinder-0-3-jahre","12":"product_cat-sale","14":"first","15":"instock","16":"taxable","17":"shipping-taxable","18":"purchasable","19":"product-type-variable","20":"has-default-attributes"},"acf":[],"jetpack_sharing_enabled":true,"_links":{"self":[{"href":"https:\/\/blune.ch\/de\/wp-json\/wp\/v2\/product\/19169","targetHints":{"allow":["GET"]}}],"collection":[{"href":"https:\/\/blune.ch\/de\/wp-json\/wp\/v2\/product"}],"about":[{"href":"https:\/\/blune.ch\/de\/wp-json\/wp\/v2\/types\/product"}],"replies":[{"embeddable":true,"href":"https:\/\/blune.ch\/de\/wp-json\/wp\/v2\/comments?post=19169"}],"wp:featuredmedia":[{"embeddable":true,"href":"https:\/\/blune.ch\/de\/wp-json\/wp\/v2\/media\/12186"}],"wp:attachment":[{"href":"https:\/\/blune.ch\/de\/wp-json\/wp\/v2\/media?parent=19169"}],"wp:term":[{"taxonomy":"brand-prodotto","embeddable":true,"href":"https:\/\/blune.ch\/de\/wp-json\/wp\/v2\/brand-prodotto?post=19169"},{"taxonomy":"sesso","embeddable":true,"href":"https:\/\/blune.ch\/de\/wp-json\/wp\/v2\/sesso?post=19169"},{"taxonomy":"stagione","embeddable":true,"href":"https:\/\/blune.ch\/de\/wp-json\/wp\/v2\/stagione?post=19169"},{"taxonomy":"product_brand","embeddable":true,"href":"https:\/\/blune.ch\/de\/wp-json\/wp\/v2\/product_brand?post=19169"},{"taxonomy":"product_cat","embeddable":true,"href":"https:\/\/blune.ch\/de\/wp-json\/wp\/v2\/product_cat?post=19169"},{"taxonomy":"product_tag","embeddable":true,"href":"https:\/\/blune.ch\/de\/wp-json\/wp\/v2\/product_tag?post=19169"}],"curies":[{"name":"wp","href":"https:\/\/api.w.org\/{rel}","templated":true}]}}