{"id":19135,"date":"2025-01-20T14:01:37","date_gmt":"2025-01-20T14:01:37","guid":{"rendered":"https:\/\/blune.ch\/product\/cozmo-linen-babykleid-ivory\/"},"modified":"2025-01-20T14:01:37","modified_gmt":"2025-01-20T12:01:37","slug":"cozmo-linen-babykleid-ivory","status":"publish","type":"product","link":"https:\/\/blune.ch\/de\/produkt\/cozmo-linen-babykleid-ivory\/","title":{"rendered":"Cozmo Linen Babykleid Ivory"},"content":{"rendered":"","protected":false},"excerpt":{"rendered":"<p>Elfenbeinfarbenes Kleid aus zartem und sehr atmungsaktivem Leinen. Knopfverschluss am R\u00fccken. Doppelte Kr\u00e4uselung oben f\u00fcr einen Puff\u00e4rmel-Effekt. Kurze \u00c4rmel mit elastischen B\u00fcndchen. Mit Baumwollvoile gef\u00fcttert.    <\/p>\n","protected":false},"featured_media":12189,"comment_status":"closed","ping_status":"closed","template":"","meta":{"_acf_changed":false,"slim_seo":{"title":"Cozmo Linen Babykleid Ivory - Blune","description":"Elfenbeinfarbenes Kleid aus zartem und sehr atmungsaktivem Leinen. Knopfverschluss am R\u00fccken. Doppelte Kr\u00e4uselung oben f\u00fcr einen Puff\u00e4rmel-Effekt. Kurze \u00c4rmel m"}},"brand-prodotto":[562],"sesso":[],"stagione":[],"product_brand":[1900],"product_cat":[1946,1954,1945,1943],"product_tag":[],"class_list":{"0":"post-19135","1":"product","2":"type-product","3":"status-publish","4":"has-post-thumbnail","6":"brand-prodotto-cozmo","7":"product_brand-cozmo","8":"product_cat-babykleidung","9":"product_cat-kleider-rocke","10":"product_cat-kleine-kinder-0-3-jahre","11":"product_cat-sale","13":"first","14":"instock","15":"taxable","16":"shipping-taxable","17":"purchasable","18":"product-type-variable"},"acf":[],"jetpack_sharing_enabled":true,"_links":{"self":[{"href":"https:\/\/blune.ch\/de\/wp-json\/wp\/v2\/product\/19135","targetHints":{"allow":["GET"]}}],"collection":[{"href":"https:\/\/blune.ch\/de\/wp-json\/wp\/v2\/product"}],"about":[{"href":"https:\/\/blune.ch\/de\/wp-json\/wp\/v2\/types\/product"}],"replies":[{"embeddable":true,"href":"https:\/\/blune.ch\/de\/wp-json\/wp\/v2\/comments?post=19135"}],"wp:featuredmedia":[{"embeddable":true,"href":"https:\/\/blune.ch\/de\/wp-json\/wp\/v2\/media\/12189"}],"wp:attachment":[{"href":"https:\/\/blune.ch\/de\/wp-json\/wp\/v2\/media?parent=19135"}],"wp:term":[{"taxonomy":"brand-prodotto","embeddable":true,"href":"https:\/\/blune.ch\/de\/wp-json\/wp\/v2\/brand-prodotto?post=19135"},{"taxonomy":"sesso","embeddable":true,"href":"https:\/\/blune.ch\/de\/wp-json\/wp\/v2\/sesso?post=19135"},{"taxonomy":"stagione","embeddable":true,"href":"https:\/\/blune.ch\/de\/wp-json\/wp\/v2\/stagione?post=19135"},{"taxonomy":"product_brand","embeddable":true,"href":"https:\/\/blune.ch\/de\/wp-json\/wp\/v2\/product_brand?post=19135"},{"taxonomy":"product_cat","embeddable":true,"href":"https:\/\/blune.ch\/de\/wp-json\/wp\/v2\/product_cat?post=19135"},{"taxonomy":"product_tag","embeddable":true,"href":"https:\/\/blune.ch\/de\/wp-json\/wp\/v2\/product_tag?post=19135"}],"curies":[{"name":"wp","href":"https:\/\/api.w.org\/{rel}","templated":true}]}}