{"id":19016,"date":"2025-01-20T15:20:10","date_gmt":"2025-01-20T15:20:10","guid":{"rendered":"https:\/\/blune.ch\/product\/cozmo-baby-kleid-aus-bio-frottee-ivory-melange\/"},"modified":"2026-05-16T18:51:06","modified_gmt":"2026-05-16T16:51:06","slug":"cozmo-baby-kleid-aus-bio-frottee-ivory-melange","status":"publish","type":"product","link":"https:\/\/blune.ch\/de\/produkt\/cozmo-baby-kleid-aus-bio-frottee-ivory-melange\/","title":{"rendered":"Cozmo Baby-Kleid aus Bio-Frottee, Ivory Melange"},"content":{"rendered":"","protected":false},"excerpt":{"rendered":"<p>Kleid aus weichem, kuscheligem Bio-Baumwollfrottee. Rundhalsausschnitt. Druckkn\u00f6pfe an der Schulter. Kurze Puff\u00e4rmel. R\u00fcsche auf der Brust. Abgerundeter Einsatz im Nacken. Kombiniert mit einem Pl\u00fcschstoff.      <\/p>\n","protected":false},"featured_media":19023,"comment_status":"closed","ping_status":"closed","template":"","meta":{"_acf_changed":false,"slim_seo":{"title":"Cozmo Baby-Kleid aus Bio-Frottee, Ivory Melange - Blune","description":"Kleid aus weichem, kuscheligem Bio-Baumwollfrottee. Rundhalsausschnitt. Druckkn\u00f6pfe an der Schulter. Kurze Puff\u00e4rmel. R\u00fcsche auf der Brust. Abgerundeter Einsatz"}},"brand-prodotto":[562],"sesso":[],"stagione":[],"product_brand":[1900],"product_cat":[1946,1954,1945],"product_tag":[],"class_list":{"0":"post-19016","1":"product","2":"type-product","3":"status-publish","4":"has-post-thumbnail","6":"brand-prodotto-cozmo","7":"product_brand-cozmo","8":"product_cat-babykleidung","9":"product_cat-kleider-rocke","10":"product_cat-kleine-kinder-0-3-jahre","12":"first","13":"instock","14":"taxable","15":"shipping-taxable","16":"purchasable","17":"product-type-variable"},"acf":[],"jetpack_sharing_enabled":true,"_links":{"self":[{"href":"https:\/\/blune.ch\/de\/wp-json\/wp\/v2\/product\/19016","targetHints":{"allow":["GET"]}}],"collection":[{"href":"https:\/\/blune.ch\/de\/wp-json\/wp\/v2\/product"}],"about":[{"href":"https:\/\/blune.ch\/de\/wp-json\/wp\/v2\/types\/product"}],"replies":[{"embeddable":true,"href":"https:\/\/blune.ch\/de\/wp-json\/wp\/v2\/comments?post=19016"}],"wp:featuredmedia":[{"embeddable":true,"href":"https:\/\/blune.ch\/de\/wp-json\/wp\/v2\/media\/19023"}],"wp:attachment":[{"href":"https:\/\/blune.ch\/de\/wp-json\/wp\/v2\/media?parent=19016"}],"wp:term":[{"taxonomy":"brand-prodotto","embeddable":true,"href":"https:\/\/blune.ch\/de\/wp-json\/wp\/v2\/brand-prodotto?post=19016"},{"taxonomy":"sesso","embeddable":true,"href":"https:\/\/blune.ch\/de\/wp-json\/wp\/v2\/sesso?post=19016"},{"taxonomy":"stagione","embeddable":true,"href":"https:\/\/blune.ch\/de\/wp-json\/wp\/v2\/stagione?post=19016"},{"taxonomy":"product_brand","embeddable":true,"href":"https:\/\/blune.ch\/de\/wp-json\/wp\/v2\/product_brand?post=19016"},{"taxonomy":"product_cat","embeddable":true,"href":"https:\/\/blune.ch\/de\/wp-json\/wp\/v2\/product_cat?post=19016"},{"taxonomy":"product_tag","embeddable":true,"href":"https:\/\/blune.ch\/de\/wp-json\/wp\/v2\/product_tag?post=19016"}],"curies":[{"name":"wp","href":"https:\/\/api.w.org\/{rel}","templated":true}]}}