{"id":18989,"date":"2025-01-21T10:08:32","date_gmt":"2025-01-21T10:08:32","guid":{"rendered":"https:\/\/blune.ch\/product\/merle-bedrucktes-cape-laetzchen-leopard-sandy\/"},"modified":"2025-01-21T10:08:32","modified_gmt":"2025-01-21T08:08:32","slug":"merle-bedrucktes-cape-laetzchen-leopard-sandy","status":"publish","type":"product","link":"https:\/\/blune.ch\/de\/produkt\/merle-bedrucktes-cape-laetzchen-leopard-sandy\/","title":{"rendered":"Merle bedrucktes Cape-L\u00e4tzchen Leopard Sandy"},"content":{"rendered":"","protected":false},"excerpt":{"rendered":"<p>100 % recyceltes Polyester<\/p>\n<p>Hergestellt in China<\/p>\n<p>OEKO-TEX: BJ020 209610 TESTEX<\/p>\n<p>Gr\u00f6\u00dfe: von \u00c4rmelende zu \u00c4rmelende: L\u00e4nge 43 cm. Von \u00c4rmelende zu \u00c4rmelende: Breite 82 cm <\/p>\n<p>Maschinenw\u00e4sche bei maximal 30 \u00b0C<\/p>\n<p>Mit \u00e4hnlichen Farben waschen; Rei\u00dfverschluss, Klettverschluss und Kn\u00f6pfe vor dem Waschen schlie\u00dfen;<\/p>\n<p>Nicht im Trockner trocknen<\/p>\n<p>Nicht b\u00fcgeln<\/p>\n<p>Nicht bleichen<\/p>\n","protected":false},"featured_media":11497,"comment_status":"closed","ping_status":"closed","template":"","meta":{"_acf_changed":false,"slim_seo":{"title":"Merle bedrucktes Cape-L\u00e4tzchen Leopard Sandy - Blune","description":"100 % recyceltes Polyester Hergestellt in China OEKO-TEX: BJ020 209610 TESTEX Gr\u00f6\u00dfe: von \u00c4rmelende zu \u00c4rmelende: L\u00e4nge 43 cm. Von \u00c4rmelende zu \u00c4rmelende: Breite"}},"brand-prodotto":[564],"sesso":[],"stagione":[],"product_brand":[1894],"product_cat":[1965,1988],"product_tag":[],"class_list":{"0":"post-18989","1":"product","2":"type-product","3":"status-publish","4":"has-post-thumbnail","6":"brand-prodotto-liewood","7":"product_brand-liewood","8":"product_cat-accessoires","9":"product_cat-accessoires-zum-essen-und-trinken","11":"first","12":"outofstock","13":"taxable","14":"shipping-taxable","15":"purchasable","16":"product-type-simple"},"acf":[],"jetpack_sharing_enabled":true,"_links":{"self":[{"href":"https:\/\/blune.ch\/de\/wp-json\/wp\/v2\/product\/18989","targetHints":{"allow":["GET"]}}],"collection":[{"href":"https:\/\/blune.ch\/de\/wp-json\/wp\/v2\/product"}],"about":[{"href":"https:\/\/blune.ch\/de\/wp-json\/wp\/v2\/types\/product"}],"replies":[{"embeddable":true,"href":"https:\/\/blune.ch\/de\/wp-json\/wp\/v2\/comments?post=18989"}],"wp:featuredmedia":[{"embeddable":true,"href":"https:\/\/blune.ch\/de\/wp-json\/wp\/v2\/media\/11497"}],"wp:attachment":[{"href":"https:\/\/blune.ch\/de\/wp-json\/wp\/v2\/media?parent=18989"}],"wp:term":[{"taxonomy":"brand-prodotto","embeddable":true,"href":"https:\/\/blune.ch\/de\/wp-json\/wp\/v2\/brand-prodotto?post=18989"},{"taxonomy":"sesso","embeddable":true,"href":"https:\/\/blune.ch\/de\/wp-json\/wp\/v2\/sesso?post=18989"},{"taxonomy":"stagione","embeddable":true,"href":"https:\/\/blune.ch\/de\/wp-json\/wp\/v2\/stagione?post=18989"},{"taxonomy":"product_brand","embeddable":true,"href":"https:\/\/blune.ch\/de\/wp-json\/wp\/v2\/product_brand?post=18989"},{"taxonomy":"product_cat","embeddable":true,"href":"https:\/\/blune.ch\/de\/wp-json\/wp\/v2\/product_cat?post=18989"},{"taxonomy":"product_tag","embeddable":true,"href":"https:\/\/blune.ch\/de\/wp-json\/wp\/v2\/product_tag?post=18989"}],"curies":[{"name":"wp","href":"https:\/\/api.w.org\/{rel}","templated":true}]}}