{"id":18966,"date":"2025-01-21T10:18:53","date_gmt":"2025-01-21T10:18:53","guid":{"rendered":"https:\/\/blune.ch\/product\/maxi-totebag-meerestiere\/"},"modified":"2025-01-21T10:18:53","modified_gmt":"2025-01-21T08:18:53","slug":"maxi-totebag-meerestiere","status":"publish","type":"product","link":"https:\/\/blune.ch\/de\/produkt\/maxi-totebag-meerestiere\/","title":{"rendered":"Maxi-Totebag Meerestiere"},"content":{"rendered":"","protected":false},"excerpt":{"rendered":"<p>Ger\u00e4umige Maxi-Totebag mit verspielten LIEWOOD-Prints<\/p>\n<p>Aus 100 % GOTS-zertifizierter Bio-Baumwolle<\/p>\n<p>Die weite \u00d6ffnung erm\u00f6glicht einfachen Zugriff<\/p>\n<p>Doppelgriffe<\/p>\n<p>Wundersch\u00f6n und praktisch, perfekt f\u00fcr den Alltag<\/p>\n","protected":false},"featured_media":11499,"comment_status":"closed","ping_status":"closed","template":"","meta":{"_acf_changed":false,"slim_seo":{"title":"Maxi-Totebag Meerestiere - Blune","description":"Ger\u00e4umige Maxi-Totebag mit verspielten LIEWOOD-Prints Aus 100 % GOTS-zertifizierter Bio-Baumwolle Die weite \u00d6ffnung erm\u00f6glicht einfachen Zugriff Doppelgriffe Wu"}},"brand-prodotto":[564],"sesso":[535],"stagione":[],"product_brand":[1894],"product_cat":[1965,1956,1986],"product_tag":[],"class_list":{"0":"post-18966","1":"product","2":"type-product","3":"status-publish","4":"has-post-thumbnail","6":"brand-prodotto-liewood","7":"sesso-unisex","8":"product_brand-liewood","9":"product_cat-accessoires","10":"product_cat-neugeborene","11":"product_cat-taschen-rucksacke","13":"first","14":"instock","15":"taxable","16":"shipping-taxable","17":"purchasable","18":"product-type-simple"},"acf":[],"jetpack_sharing_enabled":true,"_links":{"self":[{"href":"https:\/\/blune.ch\/de\/wp-json\/wp\/v2\/product\/18966","targetHints":{"allow":["GET"]}}],"collection":[{"href":"https:\/\/blune.ch\/de\/wp-json\/wp\/v2\/product"}],"about":[{"href":"https:\/\/blune.ch\/de\/wp-json\/wp\/v2\/types\/product"}],"replies":[{"embeddable":true,"href":"https:\/\/blune.ch\/de\/wp-json\/wp\/v2\/comments?post=18966"}],"wp:featuredmedia":[{"embeddable":true,"href":"https:\/\/blune.ch\/de\/wp-json\/wp\/v2\/media\/11499"}],"wp:attachment":[{"href":"https:\/\/blune.ch\/de\/wp-json\/wp\/v2\/media?parent=18966"}],"wp:term":[{"taxonomy":"brand-prodotto","embeddable":true,"href":"https:\/\/blune.ch\/de\/wp-json\/wp\/v2\/brand-prodotto?post=18966"},{"taxonomy":"sesso","embeddable":true,"href":"https:\/\/blune.ch\/de\/wp-json\/wp\/v2\/sesso?post=18966"},{"taxonomy":"stagione","embeddable":true,"href":"https:\/\/blune.ch\/de\/wp-json\/wp\/v2\/stagione?post=18966"},{"taxonomy":"product_brand","embeddable":true,"href":"https:\/\/blune.ch\/de\/wp-json\/wp\/v2\/product_brand?post=18966"},{"taxonomy":"product_cat","embeddable":true,"href":"https:\/\/blune.ch\/de\/wp-json\/wp\/v2\/product_cat?post=18966"},{"taxonomy":"product_tag","embeddable":true,"href":"https:\/\/blune.ch\/de\/wp-json\/wp\/v2\/product_tag?post=18966"}],"curies":[{"name":"wp","href":"https:\/\/api.w.org\/{rel}","templated":true}]}}