{"id":18940,"date":"2025-01-21T10:31:30","date_gmt":"2025-01-21T10:31:30","guid":{"rendered":"https:\/\/blune.ch\/product\/rory-bedruckte-kappe-kreatur-sandy\/"},"modified":"2025-01-21T10:31:30","modified_gmt":"2025-01-21T08:31:30","slug":"rory-bedruckte-kappe-kreatur-sandy","status":"publish","type":"product","link":"https:\/\/blune.ch\/de\/produkt\/rory-bedruckte-kappe-kreatur-sandy\/","title":{"rendered":"Rory bedruckte Kappe Kreatur Sandy"},"content":{"rendered":"","protected":false},"excerpt":{"rendered":"<ul>\n<li>Klassische Baumwollkappe<\/li>\n<li>Aus 100 % Bio-Baumwolle<\/li>\n<li>Die Gr\u00f6\u00dfe l\u00e4sst sich durch die Schnalle auf der R\u00fcckseite verstellen<\/li>\n<li>Lustiger Aufdruck mit den niedlichen LIEWOOD-Charakteren<\/li>\n<li>Sch\u00fctzt die Augen und das Gesicht des Kindes vor der Sonne<\/li>\n<li>Ein Kleiderschrank-Klassiker<\/li>\n<\/ul>\n","protected":false},"featured_media":12233,"comment_status":"closed","ping_status":"closed","template":"","meta":{"_acf_changed":false,"slim_seo":{"title":"Rory bedruckte Kappe Kreatur Sandy - Blune","description":"Klassische Baumwollkappe Aus 100 % Bio-Baumwolle Die Gr\u00f6\u00dfe l\u00e4sst sich durch die Schnalle auf der R\u00fcckseite verstellen Lustiger Aufdruck mit den niedlichen LIEWO"}},"brand-prodotto":[564],"sesso":[535],"stagione":[],"product_brand":[1894],"product_cat":[1965,1946,1959,1967,1945,1960,1971,1970,1980],"product_tag":[],"class_list":{"0":"post-18940","1":"product","2":"type-product","3":"status-publish","4":"has-post-thumbnail","6":"brand-prodotto-liewood","7":"sesso-unisex","8":"product_brand-liewood","9":"product_cat-accessoires","10":"product_cat-babykleidung","11":"product_cat-grose-kinder-4-12-jahre","12":"product_cat-jungenkleidung","13":"product_cat-kleine-kinder-0-3-jahre","14":"product_cat-madchenkleidung","15":"product_cat-mutzen-caps-handschuhe-schals","16":"product_cat-mutzen-caps-schals-handschuhe","17":"product_cat-mutzen-kappen-schals-handschuhe","19":"first","20":"outofstock","21":"taxable","22":"shipping-taxable","23":"product-type-variable"},"acf":[],"jetpack_sharing_enabled":true,"_links":{"self":[{"href":"https:\/\/blune.ch\/de\/wp-json\/wp\/v2\/product\/18940","targetHints":{"allow":["GET"]}}],"collection":[{"href":"https:\/\/blune.ch\/de\/wp-json\/wp\/v2\/product"}],"about":[{"href":"https:\/\/blune.ch\/de\/wp-json\/wp\/v2\/types\/product"}],"replies":[{"embeddable":true,"href":"https:\/\/blune.ch\/de\/wp-json\/wp\/v2\/comments?post=18940"}],"wp:featuredmedia":[{"embeddable":true,"href":"https:\/\/blune.ch\/de\/wp-json\/wp\/v2\/media\/12233"}],"wp:attachment":[{"href":"https:\/\/blune.ch\/de\/wp-json\/wp\/v2\/media?parent=18940"}],"wp:term":[{"taxonomy":"brand-prodotto","embeddable":true,"href":"https:\/\/blune.ch\/de\/wp-json\/wp\/v2\/brand-prodotto?post=18940"},{"taxonomy":"sesso","embeddable":true,"href":"https:\/\/blune.ch\/de\/wp-json\/wp\/v2\/sesso?post=18940"},{"taxonomy":"stagione","embeddable":true,"href":"https:\/\/blune.ch\/de\/wp-json\/wp\/v2\/stagione?post=18940"},{"taxonomy":"product_brand","embeddable":true,"href":"https:\/\/blune.ch\/de\/wp-json\/wp\/v2\/product_brand?post=18940"},{"taxonomy":"product_cat","embeddable":true,"href":"https:\/\/blune.ch\/de\/wp-json\/wp\/v2\/product_cat?post=18940"},{"taxonomy":"product_tag","embeddable":true,"href":"https:\/\/blune.ch\/de\/wp-json\/wp\/v2\/product_tag?post=18940"}],"curies":[{"name":"wp","href":"https:\/\/api.w.org\/{rel}","templated":true}]}}