{"id":18922,"date":"2025-01-21T10:37:12","date_gmt":"2025-01-21T10:37:12","guid":{"rendered":"https:\/\/blune.ch\/product\/rory-cap-mit-print-pfirsich-sea-shell\/"},"modified":"2026-05-16T18:51:29","modified_gmt":"2026-05-16T16:51:29","slug":"rory-cap-mit-print-pfirsich-sea-shell","status":"publish","type":"product","link":"https:\/\/blune.ch\/de\/produkt\/rory-cap-mit-print-pfirsich-sea-shell\/","title":{"rendered":"Rory Cap mit Print Pfirsich Sea shell"},"content":{"rendered":"","protected":false},"excerpt":{"rendered":"<p>Klassische Baumwollm\u00fctze<\/p>\n<p>Aus 100 % Bio-Baumwolle<\/p>\n<p>Die Gr\u00f6\u00dfe l\u00e4sst sich \u00fcber die Schnalle hinten verstellen<\/p>\n<p>Erh\u00e4ltlich mit fr\u00f6hlichem Print mit ikonischem LIEWOOD-Symbol<\/p>\n<p>Sch\u00fctzt die Augen und das Gesicht deines Kindes vor der Sonne<\/p>\n<p>Ein Klassiker f\u00fcr die Garderobe<\/p>\n","protected":false},"featured_media":18924,"comment_status":"closed","ping_status":"closed","template":"","meta":{"_acf_changed":false,"slim_seo":{"title":"Rory Cap mit Print Pfirsich Sea shell - Blune","description":"Klassische Baumwollm\u00fctze Aus 100 % Bio-Baumwolle Die Gr\u00f6\u00dfe l\u00e4sst sich \u00fcber die Schnalle hinten verstellen Erh\u00e4ltlich mit fr\u00f6hlichem Print mit ikonischem LIEWOOD"}},"brand-prodotto":[564],"sesso":[535],"stagione":[],"product_brand":[1894],"product_cat":[1965,1946,1959,1967,1945,1971,1970,1980],"product_tag":[],"class_list":{"0":"post-18922","1":"product","2":"type-product","3":"status-publish","4":"has-post-thumbnail","6":"brand-prodotto-liewood","7":"sesso-unisex","8":"product_brand-liewood","9":"product_cat-accessoires","10":"product_cat-babykleidung","11":"product_cat-grose-kinder-4-12-jahre","12":"product_cat-jungenkleidung","13":"product_cat-kleine-kinder-0-3-jahre","14":"product_cat-mutzen-caps-handschuhe-schals","15":"product_cat-mutzen-caps-schals-handschuhe","16":"product_cat-mutzen-kappen-schals-handschuhe","18":"first","19":"instock","20":"taxable","21":"shipping-taxable","22":"purchasable","23":"product-type-variable"},"acf":[],"jetpack_sharing_enabled":true,"_links":{"self":[{"href":"https:\/\/blune.ch\/de\/wp-json\/wp\/v2\/product\/18922","targetHints":{"allow":["GET"]}}],"collection":[{"href":"https:\/\/blune.ch\/de\/wp-json\/wp\/v2\/product"}],"about":[{"href":"https:\/\/blune.ch\/de\/wp-json\/wp\/v2\/types\/product"}],"replies":[{"embeddable":true,"href":"https:\/\/blune.ch\/de\/wp-json\/wp\/v2\/comments?post=18922"}],"wp:featuredmedia":[{"embeddable":true,"href":"https:\/\/blune.ch\/de\/wp-json\/wp\/v2\/media\/18924"}],"wp:attachment":[{"href":"https:\/\/blune.ch\/de\/wp-json\/wp\/v2\/media?parent=18922"}],"wp:term":[{"taxonomy":"brand-prodotto","embeddable":true,"href":"https:\/\/blune.ch\/de\/wp-json\/wp\/v2\/brand-prodotto?post=18922"},{"taxonomy":"sesso","embeddable":true,"href":"https:\/\/blune.ch\/de\/wp-json\/wp\/v2\/sesso?post=18922"},{"taxonomy":"stagione","embeddable":true,"href":"https:\/\/blune.ch\/de\/wp-json\/wp\/v2\/stagione?post=18922"},{"taxonomy":"product_brand","embeddable":true,"href":"https:\/\/blune.ch\/de\/wp-json\/wp\/v2\/product_brand?post=18922"},{"taxonomy":"product_cat","embeddable":true,"href":"https:\/\/blune.ch\/de\/wp-json\/wp\/v2\/product_cat?post=18922"},{"taxonomy":"product_tag","embeddable":true,"href":"https:\/\/blune.ch\/de\/wp-json\/wp\/v2\/product_tag?post=18922"}],"curies":[{"name":"wp","href":"https:\/\/api.w.org\/{rel}","templated":true}]}}