{"id":18873,"date":"2025-01-21T13:49:04","date_gmt":"2025-01-21T13:49:04","guid":{"rendered":"https:\/\/blune.ch\/product\/konges-slojd-verbena-kleid-gots-ma-grande-cerise-blush\/"},"modified":"2025-01-21T13:49:04","modified_gmt":"2025-01-21T11:49:04","slug":"konges-slojd-verbena-kleid-gots-ma-grande-cerise-blush","status":"publish","type":"product","link":"https:\/\/blune.ch\/de\/produkt\/konges-slojd-verbena-kleid-gots-ma-grande-cerise-blush\/","title":{"rendered":"Konges sl\u00f8jd Verbena Kleid GOTS MA Grande Cerise Blush"},"content":{"rendered":"","protected":false},"excerpt":{"rendered":"<p>Weiches Baumwollkleid mit Sheeback-Tr\u00e4gern und V-R\u00fccken. Material: 100 % Bio-Baumwolle <\/p>\n","protected":false},"featured_media":0,"comment_status":"closed","ping_status":"closed","template":"","meta":{"_acf_changed":false,"slim_seo":{"title":"Konges sl\u00f8jd Verbena Kleid GOTS MA Grande Cerise Blush - Blune","description":"Weiches Baumwollkleid mit Sheeback-Tr\u00e4gern und V-R\u00fccken. Material: 100 % Bio-Baumwolle"}},"brand-prodotto":[563],"sesso":[],"stagione":[],"product_brand":[],"product_cat":[],"product_tag":[],"class_list":{"0":"post-18873","1":"product","2":"type-product","3":"status-publish","5":"brand-prodotto-konges-slojd","7":"first","8":"outofstock","9":"sale","10":"taxable","11":"shipping-taxable","12":"product-type-variable","13":"has-default-attributes"},"acf":[],"jetpack_sharing_enabled":true,"_links":{"self":[{"href":"https:\/\/blune.ch\/de\/wp-json\/wp\/v2\/product\/18873","targetHints":{"allow":["GET"]}}],"collection":[{"href":"https:\/\/blune.ch\/de\/wp-json\/wp\/v2\/product"}],"about":[{"href":"https:\/\/blune.ch\/de\/wp-json\/wp\/v2\/types\/product"}],"replies":[{"embeddable":true,"href":"https:\/\/blune.ch\/de\/wp-json\/wp\/v2\/comments?post=18873"}],"wp:attachment":[{"href":"https:\/\/blune.ch\/de\/wp-json\/wp\/v2\/media?parent=18873"}],"wp:term":[{"taxonomy":"brand-prodotto","embeddable":true,"href":"https:\/\/blune.ch\/de\/wp-json\/wp\/v2\/brand-prodotto?post=18873"},{"taxonomy":"sesso","embeddable":true,"href":"https:\/\/blune.ch\/de\/wp-json\/wp\/v2\/sesso?post=18873"},{"taxonomy":"stagione","embeddable":true,"href":"https:\/\/blune.ch\/de\/wp-json\/wp\/v2\/stagione?post=18873"},{"taxonomy":"product_brand","embeddable":true,"href":"https:\/\/blune.ch\/de\/wp-json\/wp\/v2\/product_brand?post=18873"},{"taxonomy":"product_cat","embeddable":true,"href":"https:\/\/blune.ch\/de\/wp-json\/wp\/v2\/product_cat?post=18873"},{"taxonomy":"product_tag","embeddable":true,"href":"https:\/\/blune.ch\/de\/wp-json\/wp\/v2\/product_tag?post=18873"}],"curies":[{"name":"wp","href":"https:\/\/api.w.org\/{rel}","templated":true}]}}