{"id":18848,"date":"2025-01-21T14:06:05","date_gmt":"2025-01-21T14:06:05","guid":{"rendered":"https:\/\/blune.ch\/product\/konges-slojd-verbena-strampler-gots-ma-grande-cerise-blush\/"},"modified":"2025-01-21T14:06:05","modified_gmt":"2025-01-21T12:06:05","slug":"konges-slojd-verbena-strampler-gots-ma-grande-cerise-blush","status":"publish","type":"product","link":"https:\/\/blune.ch\/de\/produkt\/konges-slojd-verbena-strampler-gots-ma-grande-cerise-blush\/","title":{"rendered":"Konges sl\u00f8jd Verbena Strampler GOTS Ma Grande Cerise Blush"},"content":{"rendered":"","protected":false},"excerpt":{"rendered":"<p>Strampler mit ger\u00fcschten Tr\u00e4gern und V-R\u00fccken. Er hat Druckkn\u00f6pfe an den Bein\u00f6ffnungen in allen Gr\u00f6\u00dfen von 1 Monat bis 3 Jahren. Material: 100 % Bio-Baumwolle.  <\/p>\n","protected":false},"featured_media":0,"comment_status":"closed","ping_status":"closed","template":"","meta":{"_acf_changed":false,"slim_seo":{"title":"Konges sl\u00f8jd Verbena Strampler GOTS Ma Grande Cerise Blush - Blune","description":"Strampler mit ger\u00fcschten Tr\u00e4gern und V-R\u00fccken. Er hat Druckkn\u00f6pfe an den Bein\u00f6ffnungen in allen Gr\u00f6\u00dfen von 1 Monat bis 3 Jahren. Material: 100 % Bio-Baumwolle."}},"brand-prodotto":[563],"sesso":[],"stagione":[],"product_brand":[],"product_cat":[],"product_tag":[],"class_list":{"0":"post-18848","1":"product","2":"type-product","3":"status-publish","5":"brand-prodotto-konges-slojd","7":"first","8":"outofstock","9":"taxable","10":"shipping-taxable","11":"product-type-variable"},"acf":[],"jetpack_sharing_enabled":true,"_links":{"self":[{"href":"https:\/\/blune.ch\/de\/wp-json\/wp\/v2\/product\/18848","targetHints":{"allow":["GET"]}}],"collection":[{"href":"https:\/\/blune.ch\/de\/wp-json\/wp\/v2\/product"}],"about":[{"href":"https:\/\/blune.ch\/de\/wp-json\/wp\/v2\/types\/product"}],"replies":[{"embeddable":true,"href":"https:\/\/blune.ch\/de\/wp-json\/wp\/v2\/comments?post=18848"}],"wp:attachment":[{"href":"https:\/\/blune.ch\/de\/wp-json\/wp\/v2\/media?parent=18848"}],"wp:term":[{"taxonomy":"brand-prodotto","embeddable":true,"href":"https:\/\/blune.ch\/de\/wp-json\/wp\/v2\/brand-prodotto?post=18848"},{"taxonomy":"sesso","embeddable":true,"href":"https:\/\/blune.ch\/de\/wp-json\/wp\/v2\/sesso?post=18848"},{"taxonomy":"stagione","embeddable":true,"href":"https:\/\/blune.ch\/de\/wp-json\/wp\/v2\/stagione?post=18848"},{"taxonomy":"product_brand","embeddable":true,"href":"https:\/\/blune.ch\/de\/wp-json\/wp\/v2\/product_brand?post=18848"},{"taxonomy":"product_cat","embeddable":true,"href":"https:\/\/blune.ch\/de\/wp-json\/wp\/v2\/product_cat?post=18848"},{"taxonomy":"product_tag","embeddable":true,"href":"https:\/\/blune.ch\/de\/wp-json\/wp\/v2\/product_tag?post=18848"}],"curies":[{"name":"wp","href":"https:\/\/api.w.org\/{rel}","templated":true}]}}