{"id":18838,"date":"2025-01-21T15:04:18","date_gmt":"2025-01-21T15:04:18","guid":{"rendered":"https:\/\/blune.ch\/product\/konges-slojd-mini-loewe\/"},"modified":"2025-01-21T15:04:18","modified_gmt":"2025-01-21T13:04:18","slug":"konges-slojd-mini-loewe","status":"publish","type":"product","link":"https:\/\/blune.ch\/de\/produkt\/konges-slojd-mini-loewe\/","title":{"rendered":"Konges sl\u00f8jd Mini-L\u00f6we"},"content":{"rendered":"","protected":false},"excerpt":{"rendered":"<p>Dein Kind wird diesen Spielzeugl\u00f6wen lieben \u2013 seine Form ist speziell daf\u00fcr gemacht, von kleinen H\u00e4nden gut gegriffen zu werden. Das Gl\u00f6ckchen im Inneren ist perfekt, um das Geh\u00f6r deines Kindes zu stimulieren. 100 % Bio-Baumwolle.   <strong>Ma\u00dfe: L\u00e4nge: 16 cm.<\/strong><\/p>\n","protected":false},"featured_media":11502,"comment_status":"closed","ping_status":"closed","template":"","meta":{"_acf_changed":false,"slim_seo":{"title":"Konges sl\u00f8jd Mini-L\u00f6we - Blune","description":"Dein Kind wird diesen Spielzeugl\u00f6wen lieben \u2013 seine Form ist speziell daf\u00fcr gemacht, von kleinen H\u00e4nden gut gegriffen zu werden. Das Gl\u00f6ckchen im Inneren ist pe"}},"brand-prodotto":[563],"sesso":[],"stagione":[],"product_brand":[1901],"product_cat":[1965,1956,1966],"product_tag":[],"class_list":{"0":"post-18838","1":"product","2":"type-product","3":"status-publish","4":"has-post-thumbnail","6":"brand-prodotto-konges-slojd","7":"product_brand-konges-slojd","8":"product_cat-accessoires","9":"product_cat-neugeborene","10":"product_cat-spielplatz","12":"first","13":"instock","14":"taxable","15":"shipping-taxable","16":"purchasable","17":"product-type-simple"},"acf":[],"jetpack_sharing_enabled":true,"_links":{"self":[{"href":"https:\/\/blune.ch\/de\/wp-json\/wp\/v2\/product\/18838","targetHints":{"allow":["GET"]}}],"collection":[{"href":"https:\/\/blune.ch\/de\/wp-json\/wp\/v2\/product"}],"about":[{"href":"https:\/\/blune.ch\/de\/wp-json\/wp\/v2\/types\/product"}],"replies":[{"embeddable":true,"href":"https:\/\/blune.ch\/de\/wp-json\/wp\/v2\/comments?post=18838"}],"wp:featuredmedia":[{"embeddable":true,"href":"https:\/\/blune.ch\/de\/wp-json\/wp\/v2\/media\/11502"}],"wp:attachment":[{"href":"https:\/\/blune.ch\/de\/wp-json\/wp\/v2\/media?parent=18838"}],"wp:term":[{"taxonomy":"brand-prodotto","embeddable":true,"href":"https:\/\/blune.ch\/de\/wp-json\/wp\/v2\/brand-prodotto?post=18838"},{"taxonomy":"sesso","embeddable":true,"href":"https:\/\/blune.ch\/de\/wp-json\/wp\/v2\/sesso?post=18838"},{"taxonomy":"stagione","embeddable":true,"href":"https:\/\/blune.ch\/de\/wp-json\/wp\/v2\/stagione?post=18838"},{"taxonomy":"product_brand","embeddable":true,"href":"https:\/\/blune.ch\/de\/wp-json\/wp\/v2\/product_brand?post=18838"},{"taxonomy":"product_cat","embeddable":true,"href":"https:\/\/blune.ch\/de\/wp-json\/wp\/v2\/product_cat?post=18838"},{"taxonomy":"product_tag","embeddable":true,"href":"https:\/\/blune.ch\/de\/wp-json\/wp\/v2\/product_tag?post=18838"}],"curies":[{"name":"wp","href":"https:\/\/api.w.org\/{rel}","templated":true}]}}