{"id":14872,"date":"2025-09-03T14:47:22","date_gmt":"2025-09-03T12:47:22","guid":{"rendered":"https:\/\/blune.ch\/?post_type=product&#038;p=14872"},"modified":"2026-02-05T13:15:20","modified_gmt":"2026-02-05T11:15:20","slug":"play-up-jersey-trousers-with-tree-print","status":"publish","type":"product","link":"https:\/\/blune.ch\/de\/produkt\/play-up-jersey-trousers-with-tree-print\/","title":{"rendered":"Play Up Jersey trousers with tree print"},"content":{"rendered":"","protected":false},"excerpt":{"rendered":"<p>These trousers are made from jersey in a blend of regenerative cotton and recycled cotton, in the colour Off White. They feature an elasticated waistband, enclosed feet, with tree print.<\/p>\n","protected":false},"featured_media":14859,"comment_status":"closed","ping_status":"closed","template":"","meta":{"_acf_changed":false,"slim_seo":{"title":"Play Up Jersey trousers with tree print","description":"Eco-friendly PLAY UP trousers Off White \u2013 jersey cotton blend with trees print. Features elastic waist & closed feet. Available in Switzerland Nachhaltige PLAY UP Jerseyhose in Off White mit Heidelbeer-Print. Baumwollmix mit elastischem Bund & F\u00fc\u00dfchen. Erh\u00e4ltlich in der Schweiz"}},"brand-prodotto":[],"sesso":[533,535],"stagione":[],"product_brand":[548],"product_cat":[515,516,522,524,480,517],"product_tag":[1391,1384,1390,610,1323,1392,1313,1312,611,1314,1365],"class_list":{"0":"post-14872","1":"product","2":"type-product","3":"status-publish","4":"has-post-thumbnail","6":"sesso-boy","7":"sesso-unisex","8":"product_brand-play-up","9":"product_cat-baby-clothes","10":"product_cat-bodysuits-coordinated-pyjamas","11":"product_cat-newborns","12":"product_cat-pants-leggins","13":"product_cat-small-children-0-3-years","14":"product_cat-toddler-set","15":"product_tag-jersey-trousers-with-tree-print","16":"product_tag-nachhaltige-play-up-jerseyhose-in-off-white-mit-heidelbeer-print-baumwollmix-mit-elastischem-bund-fuschen-erhaltlich-in-der-schweiz","17":"product_tag-newborn-bio-baumwolle-winter-hosen","18":"product_tag-play-up","19":"product_tag-play-up-bio-baumwolle","20":"product_tag-play-up-jersey-trousers-with-tree-print","21":"product_tag-play-up-rabatte","22":"product_tag-play-up-sale","23":"product_tag-play-up-schweiz-kaufen","24":"product_tag-play-up-switzerland-buy","25":"product_tag-play-up-winter-sale","27":"first","28":"instock","29":"taxable","30":"shipping-taxable","31":"purchasable","32":"product-type-variable"},"acf":[],"jetpack_sharing_enabled":true,"_links":{"self":[{"href":"https:\/\/blune.ch\/de\/wp-json\/wp\/v2\/product\/14872","targetHints":{"allow":["GET"]}}],"collection":[{"href":"https:\/\/blune.ch\/de\/wp-json\/wp\/v2\/product"}],"about":[{"href":"https:\/\/blune.ch\/de\/wp-json\/wp\/v2\/types\/product"}],"replies":[{"embeddable":true,"href":"https:\/\/blune.ch\/de\/wp-json\/wp\/v2\/comments?post=14872"}],"wp:featuredmedia":[{"embeddable":true,"href":"https:\/\/blune.ch\/de\/wp-json\/wp\/v2\/media\/14859"}],"wp:attachment":[{"href":"https:\/\/blune.ch\/de\/wp-json\/wp\/v2\/media?parent=14872"}],"wp:term":[{"taxonomy":"brand-prodotto","embeddable":true,"href":"https:\/\/blune.ch\/de\/wp-json\/wp\/v2\/brand-prodotto?post=14872"},{"taxonomy":"sesso","embeddable":true,"href":"https:\/\/blune.ch\/de\/wp-json\/wp\/v2\/sesso?post=14872"},{"taxonomy":"stagione","embeddable":true,"href":"https:\/\/blune.ch\/de\/wp-json\/wp\/v2\/stagione?post=14872"},{"taxonomy":"product_brand","embeddable":true,"href":"https:\/\/blune.ch\/de\/wp-json\/wp\/v2\/product_brand?post=14872"},{"taxonomy":"product_cat","embeddable":true,"href":"https:\/\/blune.ch\/de\/wp-json\/wp\/v2\/product_cat?post=14872"},{"taxonomy":"product_tag","embeddable":true,"href":"https:\/\/blune.ch\/de\/wp-json\/wp\/v2\/product_tag?post=14872"}],"curies":[{"name":"wp","href":"https:\/\/api.w.org\/{rel}","templated":true}]}}