{"id":14849,"date":"2025-09-03T14:47:47","date_gmt":"2025-09-03T12:47:47","guid":{"rendered":"https:\/\/blune.ch\/?post_type=product&#038;p=14849"},"modified":"2026-01-02T13:18:54","modified_gmt":"2026-01-02T11:18:54","slug":"play-up-knitted-sweater-with-blueberry-print","status":"publish","type":"product","link":"https:\/\/blune.ch\/de\/produkt\/play-up-knitted-sweater-with-blueberry-print\/","title":{"rendered":"Play Up Knitted sweater with blueberry print"},"content":{"rendered":"","protected":false},"excerpt":{"rendered":"<p>This sweater is made of knit fabric with a blend of regenerative cotton and recycled cotton, in Off White color. It features long sleeves, a round neckline, a back opening with coconut buttons, and our blueberry print.<\/p>\n","protected":false},"featured_media":14851,"comment_status":"closed","ping_status":"closed","template":"","meta":{"_acf_changed":false,"slim_seo":{"title":"Play Up Knitted sweater with blueberry print","description":"Eco-friendly PLAY UP sweater in Off White with blueberry print. Cotton blend knit with long sleeves & coconut button back opening. Available in Switzerland. Nachhaltiger PLAY UP Pullover in Off White mit Heidelbeer-Print. Baumwollstrick, lange \u00c4rmel & Kokosknopf-Verschluss am R\u00fccken. Erh\u00e4ltlich in der Schweiz"}},"brand-prodotto":[],"sesso":[534,535],"stagione":[],"product_brand":[548],"product_cat":[515,516,522,480,520,517],"product_tag":[1382,1379,1378,1383,610,1381,1323,1313,1380,611,1314,1365],"class_list":{"0":"post-14849","1":"product","2":"type-product","3":"status-publish","4":"has-post-thumbnail","6":"sesso-girl","7":"sesso-unisex","8":"product_brand-play-up","9":"product_cat-baby-clothes","10":"product_cat-bodysuits-coordinated-pyjamas","11":"product_cat-newborns","12":"product_cat-small-children-0-3-years","13":"product_cat-sweatshirts-sweaters-cardigan","14":"product_cat-toddler-set","15":"product_tag-baby-bio-baumwolle-winter-pullover","16":"product_tag-lange-armel-kokosknopf-verschluss-am-rucken-erhaltlich-in-der-schwei","17":"product_tag-nachhaltiger-play-up-pullover-in-off-white-mit-heidelbeer-print-baumwollstrick","18":"product_tag-newborn-bio-baumwolle-pullover","19":"product_tag-play-up","20":"product_tag-play-up-baby-nachhaltige-kleider","21":"product_tag-play-up-bio-baumwolle","22":"product_tag-play-up-rabatte","23":"product_tag-play-up-sales","24":"product_tag-play-up-schweiz-kaufen","25":"product_tag-play-up-switzerland-buy","26":"product_tag-play-up-winter-sale","28":"first","29":"instock","30":"sale","31":"taxable","32":"shipping-taxable","33":"purchasable","34":"product-type-variable"},"acf":[],"jetpack_sharing_enabled":true,"_links":{"self":[{"href":"https:\/\/blune.ch\/de\/wp-json\/wp\/v2\/product\/14849","targetHints":{"allow":["GET"]}}],"collection":[{"href":"https:\/\/blune.ch\/de\/wp-json\/wp\/v2\/product"}],"about":[{"href":"https:\/\/blune.ch\/de\/wp-json\/wp\/v2\/types\/product"}],"replies":[{"embeddable":true,"href":"https:\/\/blune.ch\/de\/wp-json\/wp\/v2\/comments?post=14849"}],"wp:featuredmedia":[{"embeddable":true,"href":"https:\/\/blune.ch\/de\/wp-json\/wp\/v2\/media\/14851"}],"wp:attachment":[{"href":"https:\/\/blune.ch\/de\/wp-json\/wp\/v2\/media?parent=14849"}],"wp:term":[{"taxonomy":"brand-prodotto","embeddable":true,"href":"https:\/\/blune.ch\/de\/wp-json\/wp\/v2\/brand-prodotto?post=14849"},{"taxonomy":"sesso","embeddable":true,"href":"https:\/\/blune.ch\/de\/wp-json\/wp\/v2\/sesso?post=14849"},{"taxonomy":"stagione","embeddable":true,"href":"https:\/\/blune.ch\/de\/wp-json\/wp\/v2\/stagione?post=14849"},{"taxonomy":"product_brand","embeddable":true,"href":"https:\/\/blune.ch\/de\/wp-json\/wp\/v2\/product_brand?post=14849"},{"taxonomy":"product_cat","embeddable":true,"href":"https:\/\/blune.ch\/de\/wp-json\/wp\/v2\/product_cat?post=14849"},{"taxonomy":"product_tag","embeddable":true,"href":"https:\/\/blune.ch\/de\/wp-json\/wp\/v2\/product_tag?post=14849"}],"curies":[{"name":"wp","href":"https:\/\/api.w.org\/{rel}","templated":true}]}}