{"id":14597,"date":"2025-10-28T14:10:15","date_gmt":"2025-10-28T12:10:15","guid":{"rendered":"https:\/\/blune.ch\/?post_type=product&#038;p=14597"},"modified":"2026-02-18T13:06:25","modified_gmt":"2026-02-18T11:06:25","slug":"konges-slojd-alexa-knit-cardigan-lambswool","status":"publish","type":"product","link":"https:\/\/blune.ch\/de\/produkt\/konges-slojd-alexa-knit-cardigan-lambswool\/","title":{"rendered":"Konges Slojd Alexa Knit Cardigan, lambswool"},"content":{"rendered":"","protected":false},"excerpt":{"rendered":"<p>Knitted cardigan with front pockets, puff sleeve details, and scallop edges. Made from 50% lambswool and 50% cotton.<\/p>\n","protected":false},"featured_media":14598,"comment_status":"closed","ping_status":"closed","template":"","meta":{"_acf_changed":false,"slim_seo":{"title":"Konges Slojd Alexa Knit Cardigan, lambswool","description":"\u201cEntdecken Sie den Alexa Strick-Cardigan von Konges Sl\u00f8jd: Puff\u00e4rmel, geh\u00e4kelter Rand, Fronttaschen, weiche Mischung aus Lammwolle & Baumwolle. Schweiz erh\u00e4ltlich.\u201d \u201cWrap your little one in comfort with the Alexa Knit Cardigan by Konges Sl\u00f8jd \u2014 lambswool-cotton knit, scalloped edges, front pockets, perfect for Swiss kids.\u201d"}},"brand-prodotto":[],"sesso":[534],"stagione":[],"product_brand":[540],"product_cat":[515,387,407,470,480,486,520],"product_tag":[1241,1245,1001,1244,1246,1242,1243,1000,1004,1003,1002],"class_list":{"0":"post-14597","1":"product","2":"type-product","3":"status-publish","4":"has-post-thumbnail","6":"sesso-girl","7":"product_brand-konges-slojd","8":"product_cat-baby-clothes","9":"product_cat-big-kids-4-12-years-old","10":"product_cat-girls-clothing","11":"product_cat-sale","12":"product_cat-small-children-0-3-years","13":"product_cat-sweatshirts-sweaters","14":"product_cat-sweatshirts-sweaters-cardigan","15":"product_tag-baby-bio-wolle-cardigan","16":"product_tag-bio-baby-kleider","17":"product_tag-buy-konges-slojd-switzerland","18":"product_tag-design-kinder-kleider","19":"product_tag-kinder-bio-kleider","20":"product_tag-kinder-bio-wolle-cardigan","21":"product_tag-kinder-design-clothes","22":"product_tag-konges-slojd","23":"product_tag-konges-slojd-rabatte","24":"product_tag-konges-slojd-sale","25":"product_tag-konges-slojd-schweiz-kaufen","27":"first","28":"instock","29":"sale","30":"taxable","31":"shipping-taxable","32":"purchasable","33":"product-type-variable"},"acf":[],"jetpack_sharing_enabled":true,"_links":{"self":[{"href":"https:\/\/blune.ch\/de\/wp-json\/wp\/v2\/product\/14597","targetHints":{"allow":["GET"]}}],"collection":[{"href":"https:\/\/blune.ch\/de\/wp-json\/wp\/v2\/product"}],"about":[{"href":"https:\/\/blune.ch\/de\/wp-json\/wp\/v2\/types\/product"}],"replies":[{"embeddable":true,"href":"https:\/\/blune.ch\/de\/wp-json\/wp\/v2\/comments?post=14597"}],"wp:featuredmedia":[{"embeddable":true,"href":"https:\/\/blune.ch\/de\/wp-json\/wp\/v2\/media\/14598"}],"wp:attachment":[{"href":"https:\/\/blune.ch\/de\/wp-json\/wp\/v2\/media?parent=14597"}],"wp:term":[{"taxonomy":"brand-prodotto","embeddable":true,"href":"https:\/\/blune.ch\/de\/wp-json\/wp\/v2\/brand-prodotto?post=14597"},{"taxonomy":"sesso","embeddable":true,"href":"https:\/\/blune.ch\/de\/wp-json\/wp\/v2\/sesso?post=14597"},{"taxonomy":"stagione","embeddable":true,"href":"https:\/\/blune.ch\/de\/wp-json\/wp\/v2\/stagione?post=14597"},{"taxonomy":"product_brand","embeddable":true,"href":"https:\/\/blune.ch\/de\/wp-json\/wp\/v2\/product_brand?post=14597"},{"taxonomy":"product_cat","embeddable":true,"href":"https:\/\/blune.ch\/de\/wp-json\/wp\/v2\/product_cat?post=14597"},{"taxonomy":"product_tag","embeddable":true,"href":"https:\/\/blune.ch\/de\/wp-json\/wp\/v2\/product_tag?post=14597"}],"curies":[{"name":"wp","href":"https:\/\/api.w.org\/{rel}","templated":true}]}}