{"id":19856,"date":"2024-04-10T10:21:37","date_gmt":"2024-04-10T08:21:37","guid":{"rendered":"https:\/\/blune.ch\/ueber-uns\/"},"modified":"2026-03-28T19:50:43","modified_gmt":"2026-03-28T17:50:43","slug":"ueber-uns","status":"publish","type":"page","link":"https:\/\/blune.ch\/de\/ueber-uns\/","title":{"rendered":"\u00dcber uns"},"content":{"rendered":"\n<p>Blune ist ein kleiner, familiengef\u00fchrter Fashion-Concept-Store mit Laden und Onlineshop f\u00fcr Kinder von 0 bis 12 Jahren. Blune entstand im Dezember 2022. Der Name setzt sich aus den Namen meiner zwei wunderbaren T\u00f6chter Blue + June zusammen, denen ich es mit viel Liebe gewidmet habe.<\/p>\n\n<p>Blune bietet eine gro\u00dfe Auswahl an hochwertiger Kleidung und Accessoires: Wir suchen Produkte aus nat\u00fcrlichen Stoffen und Materialien sowie Marken, die auf Qualit\u00e4t und Nachhaltigkeit in Bezug auf \u00c4sthetik und Design setzen.<\/p>\n","protected":false},"excerpt":{"rendered":"<p>Blune ist ein kleiner, familiengef\u00fchrter Fashion-Concept-Store mit Laden und Onlineshop f\u00fcr Kinder von 0 bis 12 Jahren. Blune entstand im Dezember 2022. Der Name setzt sich aus den Namen meiner zwei wunderbaren T\u00f6chter Blue + June zusammen, denen ich es mit viel Liebe gewidmet habe. Blune bietet eine gro\u00dfe Auswahl an hochwertiger Kleidung und Accessoires: &#8230; <a title=\"\u00dcber uns\" class=\"read-more\" href=\"https:\/\/blune.ch\/de\/ueber-uns\/\" aria-label=\"Mehr Informationen \u00fcber \u00dcber uns\">Weiterlesen<\/a><\/p>\n","protected":false},"author":2,"featured_media":0,"parent":0,"menu_order":0,"comment_status":"closed","ping_status":"closed","template":"","meta":{"_acf_changed":false,"slim_seo":{"title":"\u00dcber uns - Blune","description":"Blune ist ein kleiner, familiengef\u00fchrter Fashion-Concept-Store mit Laden und Onlineshop f\u00fcr Kinder von 0 bis 12 Jahren. Blune entstand im Dezember 2022. Der Nam"},"footnotes":""},"class_list":["post-19856","page","type-page","status-publish"],"acf":[],"jetpack_sharing_enabled":true,"_links":{"self":[{"href":"https:\/\/blune.ch\/de\/wp-json\/wp\/v2\/pages\/19856","targetHints":{"allow":["GET"]}}],"collection":[{"href":"https:\/\/blune.ch\/de\/wp-json\/wp\/v2\/pages"}],"about":[{"href":"https:\/\/blune.ch\/de\/wp-json\/wp\/v2\/types\/page"}],"author":[{"embeddable":true,"href":"https:\/\/blune.ch\/de\/wp-json\/wp\/v2\/users\/2"}],"replies":[{"embeddable":true,"href":"https:\/\/blune.ch\/de\/wp-json\/wp\/v2\/comments?post=19856"}],"version-history":[{"count":1,"href":"https:\/\/blune.ch\/de\/wp-json\/wp\/v2\/pages\/19856\/revisions"}],"predecessor-version":[{"id":19858,"href":"https:\/\/blune.ch\/de\/wp-json\/wp\/v2\/pages\/19856\/revisions\/19858"}],"wp:attachment":[{"href":"https:\/\/blune.ch\/de\/wp-json\/wp\/v2\/media?parent=19856"}],"curies":[{"name":"wp","href":"https:\/\/api.w.org\/{rel}","templated":true}]}}