{"id":19844,"date":"2024-04-19T11:09:40","date_gmt":"2024-04-19T09:09:40","guid":{"rendered":"https:\/\/blune.ch\/allgemeine-geschaeftsbedingungen\/"},"modified":"2026-03-28T19:50:30","modified_gmt":"2026-03-28T17:50:30","slug":"allgemeine-geschaeftsbedingungen","status":"publish","type":"page","link":"https:\/\/blune.ch\/de\/allgemeine-geschaeftsbedingungen\/","title":{"rendered":"Allgemeine Gesch\u00e4ftsbedingungen"},"content":{"rendered":"\n<p><strong>R\u00fcckgaberecht<\/strong><\/p>\n\n<p>Gem\u00e4\u00df den in der Schweiz geltenden Bestimmungen haben Kunden von Blune di Locarno das Recht, innerhalb von 14 Tagen nach Erhalt der Ware vom Kauf zur\u00fcckzutreten. Wenn du ein gekauftes Produkt zur\u00fcckgeben und eine R\u00fcckerstattung oder einen Umtausch beantragen m\u00f6chtest, stelle bitte sicher, dass sich der Artikel in unver\u00e4ndertem Zustand befindet, unbenutzt ist und in der Originalverpackung vorliegt.<\/p>\n\n<p><strong>So funktioniert die R\u00fcckgabe<\/strong><\/p>\n\n<p>Um eine R\u00fccksendung zu veranlassen, folge diesen Schritten:<\/p>\n\n<ul class=\"wp-block-list\">\n<li>F\u00fclle das R\u00fcckgabe- oder R\u00fcckerstattungsformular innerhalb von 14 Tagen nach Erhalt des Artikels aus.<\/li>\n\n\n\n<li>Bereite das Paket f\u00fcr die R\u00fccksendung vor, indem du alle Artikel in ihre Originalverpackung legst.<\/li>\n\n\n\n<li>Sende das Paket an die Adresse, die dir nach dem Ausf\u00fcllen des R\u00fcckgabeformulars mitgeteilt wird.<\/li>\n<\/ul>\n\n<p><strong>Versandkosten<\/strong><\/p>\n\n<p>Die Versandkosten f\u00fcr die R\u00fccksendung der Artikel werden vom Kunden getragen, es sei denn, der Grund f\u00fcr die R\u00fccksendung liegt in einem Fehler unsererseits oder einem defekten Produkt.<\/p>\n\n<p><strong>R\u00fcckerstattung<\/strong><\/p>\n\n<p>Sobald wir deine R\u00fccksendung erhalten haben, pr\u00fcfen wir den Zustand der Artikel. Wenn die R\u00fccksendung unseren Annahmekriterien entspricht, werden wir die R\u00fcckerstattung innerhalb von 10 Werktagen \u00fcber dieselbe Zahlungsmethode vornehmen, die f\u00fcr den Kauf verwendet wurde, sofern nichts anderes vereinbart wurde. Die R\u00fcckerstattung kann bis zu 14 Werktage ab Erhalt der R\u00fccksendung dauern.<\/p>\n\n<p><strong>Umtausch<\/strong><\/p>\n\n<p>Wenn du einen Artikel umtauschen m\u00f6chtest, gib dies bitte im R\u00fcckgabeformular an. Ein Umtausch erfolgt vorbehaltlich der Verf\u00fcgbarkeit zum Zeitpunkt des Eingangs der R\u00fccksendung. Sollte der gew\u00fcnschte Artikel nicht verf\u00fcgbar sein, erfolgt eine R\u00fcckerstattung.<\/p>\n\n<p><strong>Kontakt<\/strong><\/p>\n\n<p>Bei Fragen oder f\u00fcr weitere Informationen z\u00f6gere nicht, uns per E-Mail unter info@blune.ch oder telefonisch unter +41 79 471 94 09 zu kontaktieren.<\/p>\n","protected":false},"excerpt":{"rendered":"<p>R\u00fcckgaberecht Gem\u00e4\u00df den in der Schweiz geltenden Bestimmungen haben Kunden von Blune di Locarno das Recht, innerhalb von 14 Tagen nach Erhalt der Ware vom Kauf zur\u00fcckzutreten. Wenn du ein gekauftes Produkt zur\u00fcckgeben und eine R\u00fcckerstattung oder einen Umtausch beantragen m\u00f6chtest, stelle bitte sicher, dass sich der Artikel in unver\u00e4ndertem Zustand befindet, unbenutzt ist und &#8230; <a title=\"Allgemeine Gesch\u00e4ftsbedingungen\" class=\"read-more\" href=\"https:\/\/blune.ch\/de\/allgemeine-geschaeftsbedingungen\/\" aria-label=\"Mehr Informationen \u00fcber Allgemeine Gesch\u00e4ftsbedingungen\">Weiterlesen<\/a><\/p>\n","protected":false},"author":2,"featured_media":0,"parent":0,"menu_order":0,"comment_status":"closed","ping_status":"closed","template":"","meta":{"_acf_changed":false,"slim_seo":{"title":"Allgemeine Gesch\u00e4ftsbedingungen - Blune","description":"R\u00fcckgaberecht Gem\u00e4\u00df den in der Schweiz geltenden Bestimmungen haben Kunden von Blune di Locarno das Recht, innerhalb von 14 Tagen nach Erhalt der Ware vom Kauf"},"footnotes":""},"class_list":["post-19844","page","type-page","status-publish"],"acf":[],"jetpack_sharing_enabled":true,"_links":{"self":[{"href":"https:\/\/blune.ch\/de\/wp-json\/wp\/v2\/pages\/19844","targetHints":{"allow":["GET"]}}],"collection":[{"href":"https:\/\/blune.ch\/de\/wp-json\/wp\/v2\/pages"}],"about":[{"href":"https:\/\/blune.ch\/de\/wp-json\/wp\/v2\/types\/page"}],"author":[{"embeddable":true,"href":"https:\/\/blune.ch\/de\/wp-json\/wp\/v2\/users\/2"}],"replies":[{"embeddable":true,"href":"https:\/\/blune.ch\/de\/wp-json\/wp\/v2\/comments?post=19844"}],"version-history":[{"count":1,"href":"https:\/\/blune.ch\/de\/wp-json\/wp\/v2\/pages\/19844\/revisions"}],"predecessor-version":[{"id":19845,"href":"https:\/\/blune.ch\/de\/wp-json\/wp\/v2\/pages\/19844\/revisions\/19845"}],"wp:attachment":[{"href":"https:\/\/blune.ch\/de\/wp-json\/wp\/v2\/media?parent=19844"}],"curies":[{"name":"wp","href":"https:\/\/api.w.org\/{rel}","templated":true}]}}