{"id":19834,"date":"2024-04-19T11:44:25","date_gmt":"2024-04-19T09:44:25","guid":{"rendered":"https:\/\/blune.ch\/faq\/"},"modified":"2026-03-28T19:50:30","modified_gmt":"2026-03-28T17:50:30","slug":"faq","status":"publish","type":"page","link":"https:\/\/blune.ch\/de\/faq\/","title":{"rendered":"FAQ"},"content":{"rendered":"\n<details class=\"wp-block-details is-layout-flow wp-block-details-is-layout-flow\"><summary>Welche Zahlungsmethoden akzeptiert ihr?<\/summary>\n<p>Wir akzeptieren verschiedene Zahlungsmethoden, darunter Kreditkarte (Visa, MasterCard) und Twint.<\/p>\n<\/details>\n\n<details class=\"wp-block-details is-layout-flow wp-block-details-is-layout-flow\"><summary>Kann ich meine Bestellung nach dem Absenden \u00e4ndern oder stornieren?<\/summary>\n<p>Bestellungen k\u00f6nnen ge\u00e4ndert oder storniert werden, bis sie f\u00fcr den Versand bearbeitet wurden. Um \u00c4nderungen vorzunehmen, kontaktiere uns bitte umgehend unter info@blune.ch.<\/p>\n<\/details>\n\n<details class=\"wp-block-details is-layout-flow wp-block-details-is-layout-flow\"><summary>Was soll ich tun, wenn ich einen besch\u00e4digten oder defekten Artikel erhalte?<\/summary>\n<p>Wenn du einen besch\u00e4digten oder defekten Artikel erh\u00e4ltst, kontaktiere uns bitte umgehend unter info@blune.ch, um einen Ersatz oder eine R\u00fcckerstattung zu veranlassen.<\/p>\n<\/details>\n\n<details class=\"wp-block-details is-layout-flow wp-block-details-is-layout-flow\"><summary>Wie lautet eure R\u00fcckgaberegelung?<\/summary>\n<p>Wir bieten ein R\u00fcckgaberecht innerhalb von 14 Tagen nach Erhalt des Artikels. Artikel m\u00fcssen im Originalzustand zur\u00fcckgesendet werden. Weitere Details findest du auf unserer Seite zur R\u00fcckgabe- und R\u00fcckerstattungsrichtlinie.<\/p>\n<\/details>\n\n<details class=\"wp-block-details is-layout-flow wp-block-details-is-layout-flow\"><summary>Wie kann ich einen Aktionscode verwenden?<\/summary>\n<p>Um einen Aktionscode zu verwenden, gib ihn beim Checkout im Feld \u201eAktionscode\u201c ein. Der entsprechende Rabatt wird auf die Gesamtsumme deines Warenkorbs angewendet.<\/p>\n<\/details>\n\n<details class=\"wp-block-details is-layout-flow wp-block-details-is-layout-flow\"><summary>Bietet ihr internationalen Versand an?<\/summary>\n<p>Aktuell versenden wir nur in die Schweiz und nach Liechtenstein. F\u00fcr Anfragen zum internationalen Versand kontaktiere uns bitte direkt unter info@blune, um die verf\u00fcgbaren Optionen zu besprechen.<\/p>\n<\/details>\n\n<details class=\"wp-block-details is-layout-flow wp-block-details-is-layout-flow\"><summary>Was kann ich tun, wenn meine Zahlung nicht akzeptiert wird?<\/summary>\n<p>Stelle sicher, dass die eingegebenen Zahlungsdaten korrekt sind. Wenn das Problem weiterhin besteht, wende dich f\u00fcr weitere Informationen an deine Bank oder deinen Kartenanbieter. Du kannst auch eine andere Zahlungsmethode ausprobieren oder uns f\u00fcr Unterst\u00fctzung kontaktieren.<\/p>\n<\/details>\n\n<details class=\"wp-block-details is-layout-flow wp-block-details-is-layout-flow\"><summary>Wie kann ich euch bei weiteren Fragen kontaktieren?<\/summary>\n<p>Wenn du weitere Fragen hast, z\u00f6gere bitte nicht, uns per E-Mail an info@blune.ch zu kontaktieren. Wir sind gerne f\u00fcr dich da.<\/p>\n<\/details>\n\n<p><\/p>\n","protected":false},"excerpt":{"rendered":"","protected":false},"author":2,"featured_media":0,"parent":0,"menu_order":0,"comment_status":"closed","ping_status":"closed","template":"","meta":{"_acf_changed":false,"slim_seo":{"title":"FAQ - Blune","description":"Welche Zahlungsmethoden akzeptiert ihr? Wir akzeptieren verschiedene Zahlungsmethoden, darunter Kreditkarte (Visa, MasterCard) und Twint. Kann ich meine Bestell"},"footnotes":""},"class_list":["post-19834","page","type-page","status-publish"],"acf":[],"jetpack_sharing_enabled":true,"_links":{"self":[{"href":"https:\/\/blune.ch\/de\/wp-json\/wp\/v2\/pages\/19834","targetHints":{"allow":["GET"]}}],"collection":[{"href":"https:\/\/blune.ch\/de\/wp-json\/wp\/v2\/pages"}],"about":[{"href":"https:\/\/blune.ch\/de\/wp-json\/wp\/v2\/types\/page"}],"author":[{"embeddable":true,"href":"https:\/\/blune.ch\/de\/wp-json\/wp\/v2\/users\/2"}],"replies":[{"embeddable":true,"href":"https:\/\/blune.ch\/de\/wp-json\/wp\/v2\/comments?post=19834"}],"version-history":[{"count":1,"href":"https:\/\/blune.ch\/de\/wp-json\/wp\/v2\/pages\/19834\/revisions"}],"predecessor-version":[{"id":19837,"href":"https:\/\/blune.ch\/de\/wp-json\/wp\/v2\/pages\/19834\/revisions\/19837"}],"wp:attachment":[{"href":"https:\/\/blune.ch\/de\/wp-json\/wp\/v2\/media?parent=19834"}],"curies":[{"name":"wp","href":"https:\/\/api.w.org\/{rel}","templated":true}]}}